{"id":1083,"date":"2025-10-09T01:53:02","date_gmt":"2025-10-09T01:53:02","guid":{"rendered":"https:\/\/pltcgroup.com\/san-pham\/%e1%9e%9f%e1%9f%84-lecmax-l04\/"},"modified":"2025-10-09T01:53:02","modified_gmt":"2025-10-09T01:53:02","slug":"%e1%9e%9f%e1%9f%84-lecmax-l04","status":"publish","type":"product","link":"https:\/\/pltcgroup.com\/km-kh\/san-pham\/%e1%9e%9f%e1%9f%84-lecmax-l04\/","title":{"rendered":"\u179f\u17c4 LECMAX L04"},"content":{"rendered":"<table style=\"width: 100%; border-collapse: collapse; font-size: 16px;\">\n<tbody>\n<tr>\n<td style=\"border: 1px solid #ccc; padding: 10px; font-weight: bold;\">Ti\u00eau chu\u1ea9n v\u00e0 th\u1eed nghi\u1ec7m<\/td>\n<td style=\"border: 1px solid #ccc; padding: 10px;\">\u1790\u17b6\u1793\u17cb\u1781\u17c5 \u0111\u00e1p \u1ee9ng \u1792\u17b8\u179c \u1787\u17bc\u1ea9n \u1786\u17b6\u179c \u17a2\u17b6 &#8211; EN 12209<\/td>\n<\/tr>\n<tr>\n<td style=\"border: 1px solid #ccc; padding: 10px;\"><\/td>\n<td style=\"border: 1px solid #ccc; padding: 10px;\">K\u00edch th\u01b0\u1edbc th\u00e2n kh\u00f3a \u0111\u00e1p \u1ee9ng ti\u00eau DIN 18251<\/td>\n<\/tr>\n<tr>\n<td style=\"border: 1px solid #ccc; padding: 10px;\"><\/td>\n<td style=\"border: 1px solid #ccc; padding: 10px;\">Th\u00e2n kh\u00f3a \u0111\u1ea1t ti\u00eau chu\u1ea9n ki\u1ec3m \u0111\u1ecbnh:<\/td>\n<\/tr>\n<tr>\n<td style=\"border: 1px solid #ccc; padding: 10px;\"><\/td>\n<td style=\"border: 1px solid #ccc; padding: 10px;\">\u2013 Ch\u1ed1t c\u1ed1 \u0111\u1ecbnh: 50.000 l\u1ea7n<\/td>\n<\/tr>\n<tr>\n<td style=\"border: 1px solid #ccc; padding: 10px;\"><\/td>\n<td style=\"border: 1px solid #ccc; padding: 10px;\">\u2013 Ch\u1ed1ng \u0103n m\u00f2n: 96 gi\u1edd th\u1eed nghi\u1ec7m phun mu\u1ed1i<\/td>\n<\/tr>\n<tr>\n<td style=\"border: 1px solid #ccc; padding: 10px;\"><\/td>\n<td style=\"border: 1px solid #ccc; padding: 10px;\">\u2013 Hi\u1ec7u su\u1ea5t ch\u1ed1ng ch\u00e1y: 90 ph\u00fat theo ti\u00eau chu\u1ea9n qu\u1ed1c gia<\/td>\n<\/tr>\n<tr>\n<td style=\"border: 1px solid #ccc; padding: 10px; font-weight: bold;\">\u179c\u17b6\u1799\u179b\u17bb\u1780<\/td>\n<td style=\"border: 1px solid #ccc; padding: 10px;\">Th\u00e2n bao kh\u00f3a: Th\u00e9p kh\u00f4ng g\u1ec9 v\u1edbi ch\u1ed1t c\u1ed1 \u0111\u1ecbnh d\u1ea1ng b\u1ea3n to<\/td>\n<\/tr>\n<tr>\n<td style=\"border: 1px solid #ccc; padding: 10px;\"><\/td>\n<td style=\"border: 1px solid #ccc; padding: 10px;\">Ch\u1ed1t c\u1ed1 \u0111\u1ecbnh: Th\u00e9p \u0111\u00fac kh\u00f4ng g\u1ec9, 2 l\u01b0\u1ee3t<\/td>\n<\/tr>\n<tr>\n<td style=\"border: 1px solid #ccc; padding: 10px;\"><\/td>\n<td style=\"border: 1px solid #ccc; padding: 10px;\">T\u1ea5m m\u1eb7t tr\u01b0\u1edbc: \u1790\u17d2\u1796\u17b6\u179b\u17cb\u1781\u17bd\u1785, \u0111\u1ea7u tr\u00f2n ho\u1eb7c vu\u00f4ng<\/td>\n<\/tr>\n<tr>\n<td style=\"border: 1px solid #ccc; padding: 10px;\"><\/td>\n<td style=\"border: 1px solid #ccc; padding: 10px;\">T\u1ea5m Strike: Th\u00e9p kh\u00f4ng g\u1ec9<\/td>\n<\/tr>\n<tr>\n<td style=\"border: 1px solid #ccc; padding: 10px;\"><\/td>\n<td style=\"border: 1px solid #ccc; padding: 10px;\">C\u1ee7 ch\u00eca 1 ho\u1eb7c 2 \u0111\u1ea7u ch\u00eca, 5 ch\u00eca m\u00e0u Nikel<\/td>\n<\/tr>\n<tr>\n<td style=\"border: 1px solid #ccc; padding: 10px; font-weight: bold;\">\u1797\u17bc\u1782\u17c0\u1793<\/td>\n<td style=\"border: 1px solid #ccc; padding: 10px;\">T\u1ea5m Strike, h\u1ed9p n\u00fat, \u0111inh v\u00edt<\/td>\n<\/tr>\n<tr>\n<td style=\"border: 1px solid #ccc; padding: 10px; font-weight: bold;\">\u1ee8ng d\u1ee5ng<\/td>\n<td style=\"border: 1px solid #ccc; padding: 10px;\">C\u1eeda c\u00e1nh ph\u1eb3ng, c\u1eeda g\u1ed7, c\u1eeda kim lo\u1ea1i (c\u1eeda c\u0103n h\u1ed9, c\u1eeda ph\u00f2ng k\u1ef9 thu\u1eadt)<\/td>\n<\/tr>\n<tr>\n<td style=\"border: 1px solid #ccc; padding: 10px; font-weight: bold;\">H\u00e3ng s\u1ea3n xu\u1ea5t<\/td>\n<td style=\"border: 1px solid #ccc; padding: 10px;\">Lecmax<\/td>\n<\/tr>\n<\/tbody>\n<\/table>\n","protected":false},"excerpt":{"rendered":"<div class=\"sub-right-detial\">\n<p><span style=\"font-weight: bold;\">\u179f\u17d2\u179b\u17b6\u1780:<\/span> \u179f\u17c4\u1791\u17d2\u179c\u17b6\u179a Lecmax<\/p>\n<p><span style=\"font-weight: bold;\"><br \/>\n\u1798\u17c9\u17bc\u178a\u17c2\u179b:<\/span> Lecmax L04<\/p>\n<p><span style=\"font-weight: bold;\"><br \/>\n\u1795\u179b\u17b7\u178f\u178a\u17c4\u1799\u17d6<\/span> Lecmax \u179c\u17c0\u178f\u178e\u17b6\u1798<\/p>\n<p><span style=\"font-weight: bold;\"><br \/>\n\u1794\u17d2\u179a\u1797\u1796\u17d6<\/span> \u179c\u17c0\u178f\u178e\u17b6\u1798<\/p>\n<p><strong>\u1796\u178e\u17cc\u17d6<\/strong><\/p>\n<\/div>\n","protected":false},"featured_media":884,"comment_status":"closed","ping_status":"closed","template":"","meta":{"_acf_changed":false},"product_brand":[],"product_cat":[87],"product_tag":[],"class_list":{"0":"post-1083","1":"product","2":"type-product","3":"status-publish","4":"has-post-thumbnail","6":"product_cat-japanese-standard-accessories","8":"first","9":"instock","10":"shipping-taxable","11":"product-type-simple"},"acf":[],"_links":{"self":[{"href":"https:\/\/pltcgroup.com\/km-kh\/wp-json\/wp\/v2\/product\/1083","targetHints":{"allow":["GET"]}}],"collection":[{"href":"https:\/\/pltcgroup.com\/km-kh\/wp-json\/wp\/v2\/product"}],"about":[{"href":"https:\/\/pltcgroup.com\/km-kh\/wp-json\/wp\/v2\/types\/product"}],"replies":[{"embeddable":true,"href":"https:\/\/pltcgroup.com\/km-kh\/wp-json\/wp\/v2\/comments?post=1083"}],"wp:featuredmedia":[{"embeddable":true,"href":"https:\/\/pltcgroup.com\/km-kh\/wp-json\/wp\/v2\/media\/884"}],"wp:attachment":[{"href":"https:\/\/pltcgroup.com\/km-kh\/wp-json\/wp\/v2\/media?parent=1083"}],"wp:term":[{"taxonomy":"product_brand","embeddable":true,"href":"https:\/\/pltcgroup.com\/km-kh\/wp-json\/wp\/v2\/product_brand?post=1083"},{"taxonomy":"product_cat","embeddable":true,"href":"https:\/\/pltcgroup.com\/km-kh\/wp-json\/wp\/v2\/product_cat?post=1083"},{"taxonomy":"product_tag","embeddable":true,"href":"https:\/\/pltcgroup.com\/km-kh\/wp-json\/wp\/v2\/product_tag?post=1083"}],"curies":[{"name":"wp","href":"https:\/\/api.w.org\/{rel}","templated":true}]}}