{"id":1362,"date":"2025-09-20T03:54:10","date_gmt":"2025-09-20T03:54:10","guid":{"rendered":"https:\/\/pltcgroup.com\/gioi-thieu-ve-chung-toi\/"},"modified":"2025-10-24T03:47:01","modified_gmt":"2025-10-24T03:47:01","slug":"gioi-thieu-ve-chung-toi","status":"publish","type":"page","link":"https:\/\/pltcgroup.com\/vi\/gioi-thieu-ve-chung-toi\/","title":{"rendered":"Gi\u1edbi thi\u1ec7u v\u1ec1 ch\u00fang t\u00f4i"},"content":{"rendered":"\n\t<section class=\"section\" id=\"section_138388392\">\n\t\t<div class=\"section-bg fill\" >\n\t\t\t<img loading=\"lazy\" decoding=\"async\" width=\"1900\" height=\"1069\" src=\"https:\/\/pltcgroup.com\/wp-content\/uploads\/2025\/09\/SLIDE-HOME1-1.jpg\" class=\"bg attachment-original size-original\" alt=\"SLIDE HOME1 1\" title=\"\">\t\t\t\t\t\t<div class=\"section-bg-overlay absolute fill\"><\/div>\n\t\t\t\n\n\t\t<\/div>\n\n\t\t\n\n\t\t<div class=\"section-content relative\">\n\t\t\t\n\t<div id=\"text-1303950649\" class=\"text\">\n\t\t\n<h1>Gi\u1edbi thi\u1ec7u v\u1ec1 ch\u00fang t\u00f4i<\/h1>\n\t\t\n<style>\n#text-1303950649 {\n  font-size: 1.5rem;\n  text-align: center;\n  color: rgb(255,255,255);\n}\n#text-1303950649 > * {\n  color: rgb(255,255,255);\n}\n<\/style>\n\t<\/div>\n\t\n\t\t<\/div>\n\n\t\t\n<style>\n#section_138388392 {\n  padding-top: 100px;\n  padding-bottom: 100px;\n}\n#section_138388392 .section-bg-overlay {\n  background-color: rgba(0,0,0,.5);\n}\n<\/style>\n\t<\/section>\n\t\n\n\t<section class=\"section gioi-thieu-1\" id=\"section_915735569\">\n\t\t<div class=\"section-bg fill\" >\n\t\t\t\t\t\t\t\t\t\n\t\t\t\n\n\t\t<\/div>\n\n\t\t\n\n\t\t<div class=\"section-content relative\">\n\t\t\t\n<div class=\"row align-middle\" style=\"max-width:1110px\" id=\"row-1861436631\">\n\n\t<div id=\"col-800946192\" class=\"col medium-6 small-12 large-6\"  >\n\t\t\t\t<div class=\"col-inner\"  >\n\t\t\t\n\t\t\t\n\t<div class=\"img has-hover x md-x lg-x y md-y lg-y\" id=\"image_1582061446\">\n\t\t\t\t\t\t\t\t<div class=\"img-inner image-cover dark\" style=\"padding-top:100%;\">\n\t\t\t<img loading=\"lazy\" decoding=\"async\" width=\"720\" height=\"1080\" src=\"https:\/\/pltcgroup.com\/wp-content\/uploads\/2025\/10\/Landmark-81-Ho-Chi-Minh-city.webp\" class=\"attachment-original size-original\" alt=\"Landmark 81 Ho Chi Minh City\" srcset=\"https:\/\/pltcgroup.com\/wp-content\/uploads\/2025\/10\/Landmark-81-Ho-Chi-Minh-city.webp 720w, https:\/\/pltcgroup.com\/wp-content\/uploads\/2025\/10\/Landmark-81-Ho-Chi-Minh-city-433x650.webp 433w, https:\/\/pltcgroup.com\/wp-content\/uploads\/2025\/10\/Landmark-81-Ho-Chi-Minh-city-683x1024.webp 683w, https:\/\/pltcgroup.com\/wp-content\/uploads\/2025\/10\/Landmark-81-Ho-Chi-Minh-city-600x900.webp 600w\" sizes=\"auto, (max-width: 720px) 100vw, 720px\" title=\"\">\t\t\t\t\t\t\n\t\t\t\t\t<\/div>\n\t\t\t\t\t\t\t\t\n<style>\n#image_1582061446 {\n  width: 100%;\n}\n<\/style>\n\t<\/div>\n\t\n\t<div class=\"img has-hover img01 x md-x lg-x y md-y lg-y\" id=\"image_1348288077\">\n\t\t\t\t\t\t\t\t<div class=\"img-inner image-cover dark\" style=\"padding-top:100%;\">\n\t\t\t<img loading=\"lazy\" decoding=\"async\" width=\"600\" height=\"1200\" src=\"https:\/\/pltcgroup.com\/wp-content\/uploads\/2025\/10\/vietnam-capital-saigon-south-vietnam.webp\" class=\"attachment-original size-original\" alt=\"Vietnam , Capital Saigon , South Vietnam\" srcset=\"https:\/\/pltcgroup.com\/wp-content\/uploads\/2025\/10\/vietnam-capital-saigon-south-vietnam.webp 600w, https:\/\/pltcgroup.com\/wp-content\/uploads\/2025\/10\/vietnam-capital-saigon-south-vietnam-325x650.webp 325w, https:\/\/pltcgroup.com\/wp-content\/uploads\/2025\/10\/vietnam-capital-saigon-south-vietnam-512x1024.webp 512w\" sizes=\"auto, (max-width: 600px) 100vw, 600px\" title=\"\">\t\t\t\t\t\t\n\t\t\t\t\t<\/div>\n\t\t\t\t\t\t\t\t\n<style>\n#image_1348288077 {\n  width: 100%;\n}\n<\/style>\n\t<\/div>\n\t\n\t\t<\/div>\n\t\t\t\t\t<\/div>\n\n\t\n\n\t<div id=\"col-1381211521\" class=\"col medium-6 small-12 large-6\"  >\n\t\t\t\t<div class=\"col-inner\"  >\n\t\t\t\n\t\t\t\n<p>C\u00f4ng ty TNHH X\u00e2y d\u1ef1ng PLTC l\u00e0 m\u1ed9t c\u00f4ng ty c\u00f3 v\u1ed1n \u0111\u1ea7u t\u01b0 n\u01b0\u1edbc ngo\u00e0i v\u00e0 \u0111\u01b0\u1ee3c qu\u1ea3n l\u00fd chuy\u00ean nghi\u1ec7p, chuy\u00ean v\u1ec1 X\u00e2y d\u1ef1ng v\u00e0 Th\u01b0\u01a1ng m\u1ea1i.<br \/>Ch\u00fang t\u00f4i \u0111\u00e3 ph\u00e1t tri\u1ec3n c\u00e1c k\u1ef9 n\u0103ng, ngu\u1ed3n l\u1ef1c v\u00e0 quan h\u1ec7 \u0111\u1ed1i t\u00e1c c\u1ea7n thi\u1ebft \u0111\u1ec3 th\u1ef1c hi\u1ec7n th\u00e0nh c\u00f4ng c\u00e1c d\u1ef1 \u00e1n \u1edf nhi\u1ec1u quy m\u00f4 kh\u00e1c nhau, \u0111\u1ea3m b\u1ea3o s\u1ef1 h\u00e0i l\u00f2ng c\u1ee7a kh\u00e1ch h\u00e0ng.<\/p>\n<p>\u0110\u1ed9i ng\u0169 k\u1ef9 thu\u1eadt vi\u00ean gi\u00e0u kinh nghi\u1ec7m c\u1ee7a ch\u00fang t\u00f4i cung c\u1ea5p chuy\u00ean m\u00f4n cao trong t\u01b0 v\u1ea5n, thi\u1ebft k\u1ebf, gi\u00e1m s\u00e1t, l\u1eafp \u0111\u1eb7t v\u00e0 b\u1ea3o tr\u00ec, v\u1edbi nhi\u1ec1u n\u0103m h\u1ee3p t\u00e1c v\u1edbi c\u00e1c \u0111\u01a1n v\u1ecb x\u00e2y d\u1ef1ng trong n\u01b0\u1edbc v\u00e0 qu\u1ed1c t\u1ebf.<\/p>\n\t\t<\/div>\n\t\t\t\t\t<\/div>\n\n\t\n<\/div>\n<div class=\"row align-middle\" style=\"max-width:1110px\" id=\"row-2040376425\">\n\n\t<div id=\"col-1792181155\" class=\"col medium-7 small-12 large-7\"  >\n\t\t\t\t<div class=\"col-inner\"  >\n\t\t\t\n\t\t\t\n<p>C\u00f4ng ty TNHH X\u00e2y d\u1ef1ng PLTC cung c\u1ea5p c\u00e1c gi\u1ea3i ph\u00e1p ho\u00e0n thi\u1ec7n to\u00e0n di\u1ec7n, bao g\u1ed3m h\u1ec7 th\u1ed1ng ch\u1ed1ng n\u00f3ng, ch\u1ed1ng th\u1ea5m v\u00e0 ch\u1ed1ng \u0103n m\u00f2n, c\u0169ng nh\u01b0 s\u01a1n, tr\u00e1m silicon, x\u1eed l\u00fd b\u1ec3 ch\u1ee9a, h\u1ec7 th\u1ed1ng s\u00e0n, b\u1ea3o tr\u00ec nh\u00e0 m\u00e1y c\u0169 v\u00e0 s\u1ea3n xu\u1ea5t c\u1eeda th\u00e9p, c\u1eeda cu\u1ed1n, c\u1eeda ch\u1ed1ng ch\u00e1y, c\u1eeda tr\u01b0\u1ee3t, c\u00f9ng v\u1edbi c\u00e1c s\u1ea3n ph\u1ea9m nh\u00f4m k\u00ednh.<br \/>Ch\u00fang t\u00f4i cam k\u1ebft k\u1ebft h\u1ee3p tay ngh\u1ec1 xu\u1ea5t s\u1eafc, h\u1ed7 tr\u1ee3 k\u1ef9 thu\u1eadt v\u00e0 d\u1ecbch v\u1ee5 kh\u00e1ch h\u00e0ng chu \u0111\u00e1o \u0111\u1ec3 mang l\u1ea1i gi\u00e1 tr\u1ecb l\u00e2u d\u00e0i.<\/p>\n\t\t<\/div>\n\t\t\t\t\t<\/div>\n\n\t\n\n\t<div id=\"col-1728468326\" class=\"col medium-5 small-12 large-5\"  >\n\t\t\t\t<div class=\"col-inner\"  >\n\t\t\t\n\t\t\t\n\t<div class=\"img has-hover x md-x lg-x y md-y lg-y\" id=\"image_1776191452\">\n\t\t\t\t\t\t\t\t<div class=\"img-inner image-cover dark\" style=\"padding-top:100%;\">\n\t\t\t<img loading=\"lazy\" decoding=\"async\" width=\"720\" height=\"986\" src=\"https:\/\/pltcgroup.com\/wp-content\/uploads\/2025\/10\/Phnom-penh-Cambodia-2023-\ud83c\uddf0\ud83c\udded.webp\" class=\"attachment-original size-original\" alt=\"Phnom Penh , Cambodia 2023 \ud83c\uddf0\ud83c\udded\" srcset=\"https:\/\/pltcgroup.com\/wp-content\/uploads\/2025\/10\/Phnom-penh-Cambodia-2023-\ud83c\uddf0\ud83c\udded.webp 720w, https:\/\/pltcgroup.com\/wp-content\/uploads\/2025\/10\/Phnom-penh-Cambodia-2023-\ud83c\uddf0\ud83c\udded-475x650.webp 475w, https:\/\/pltcgroup.com\/wp-content\/uploads\/2025\/10\/Phnom-penh-Cambodia-2023-\ud83c\uddf0\ud83c\udded-600x822.webp 600w\" sizes=\"auto, (max-width: 720px) 100vw, 720px\" title=\"\">\t\t\t\t\t\t\n\t\t\t\t\t<\/div>\n\t\t\t\t\t\t\t\t\n<style>\n#image_1776191452 {\n  width: 100%;\n}\n<\/style>\n\t<\/div>\n\t\n\t<div class=\"img has-hover img01 x md-x lg-x y md-y lg-y\" id=\"image_965761073\">\n\t\t\t\t\t\t\t\t<div class=\"img-inner image-cover dark\" style=\"padding-top:100%;\">\n\t\t\t<img loading=\"lazy\" decoding=\"async\" width=\"736\" height=\"876\" src=\"https:\/\/pltcgroup.com\/wp-content\/uploads\/2025\/10\/tai-xuong-4.webp\" class=\"attachment-original size-original\" alt=\"T\u1ea3i Xu\u1ed1ng (4)\" srcset=\"https:\/\/pltcgroup.com\/wp-content\/uploads\/2025\/10\/tai-xuong-4.webp 736w, https:\/\/pltcgroup.com\/wp-content\/uploads\/2025\/10\/tai-xuong-4-546x650.webp 546w, https:\/\/pltcgroup.com\/wp-content\/uploads\/2025\/10\/tai-xuong-4-600x714.webp 600w\" sizes=\"auto, (max-width: 736px) 100vw, 736px\" title=\"\">\t\t\t\t\t\t\n\t\t\t\t\t<\/div>\n\t\t\t\t\t\t\t\t\n<style>\n#image_965761073 {\n  width: 100%;\n}\n<\/style>\n\t<\/div>\n\t\n\t\t<\/div>\n\t\t\t\t\t<\/div>\n\n\t\n<\/div>\n<div class=\"row\"  id=\"row-650851556\">\n\n\t<div id=\"col-358106206\" class=\"col small-12 large-12\"  >\n\t\t\t\t<div class=\"col-inner\"  >\n\t\t\t\n\t\t\t\n<h3>T\u1ea7m nh\u00ecn c\u1ee7a ch\u00fang t\u00f4i<\/h3>\n<p>Cung c\u1ea5p cho kh\u00e1ch h\u00e0ng d\u1ecbch v\u1ee5 v\u01b0\u1ee3t tr\u1ed9i th\u00f4ng qua h\u1ec7 th\u1ed1ng qu\u1ea3n l\u00fd ch\u1ea5t l\u01b0\u1ee3ng m\u1ea1nh m\u1ebd, s\u1ea3n xu\u1ea5t linh ho\u1ea1t v\u00e0 \u0111\u1ed9i ng\u0169 chuy\u00ean gia c\u00f3 tr\u00ecnh \u0111\u1ed9, lu\u00f4n ph\u1ea5n \u0111\u1ea5u \u0111\u1ea1t \u0111\u1ebfn s\u1ef1 xu\u1ea5t s\u1eafc trong m\u1ecdi vi\u1ec7c ch\u00fang t\u00f4i l\u00e0m. Ch\u00fang t\u00f4i lu\u00f4n t\u1eadn t\u00e2m \u0111\u00e0o t\u1ea1o v\u00e0 ph\u00e1t tri\u1ec3n li\u00ean t\u1ee5c cho nh\u00e2n vi\u00ean c\u1ee7a m\u00ecnh &#8211; t\u00e0i s\u1ea3n qu\u00fd gi\u00e1 nh\u1ea5t c\u1ee7a ch\u00fang t\u00f4i &#8211; \u0111\u1ea3m b\u1ea3o t\u0103ng tr\u01b0\u1edfng b\u1ec1n v\u1eefng v\u00e0 c\u1ea3i ti\u1ebfn li\u00ean t\u1ee5c.<\/p>\n<h3>S\u1ee9 m\u1ec7nh c\u1ee7a ch\u00fang t\u00f4i<\/h3>\n<p>Cung c\u1ea5p d\u1ecbch v\u1ee5 ch\u1ea5t l\u01b0\u1ee3ng v\u00e0 gi\u1ea3i ph\u00e1p \u0111\u00e1ng tin c\u1eady \u0111\u00fang th\u1eddi h\u1ea1n v\u00e0 chuy\u00ean nghi\u1ec7p. Ch\u00fang t\u00f4i cam k\u1ebft s\u1eed d\u1ee5ng v\u1eadt li\u1ec7u ch\u1ea5t l\u01b0\u1ee3ng cao mang l\u1ea1i gi\u00e1 tr\u1ecb \u0111\u00edch th\u1ef1c cho kh\u00e1ch h\u00e0ng, \u0111\u1ed3ng th\u1eddi h\u1ed7 tr\u1ee3 s\u1ef1 ph\u00e1t tri\u1ec3n c\u1ee7a c\u00e1c chuy\u00ean gia tr\u1ebb trong ng\u00e0nh x\u00e2y d\u1ef1ng.<\/p>\n<h3>Gi\u00e1 tr\u1ecb c\u1ee7a ch\u00fang t\u00f4i<\/h3>\n<p>Ch\u00fang t\u00f4i coi tr\u1ecdng s\u1ef1 xu\u1ea5t s\u1eafc, l\u00f2ng tin, s\u1ef1 t\u00f4n tr\u1ecdng, s\u1ef1 trao quy\u1ec1n, tr\u00e1ch nhi\u1ec7m gi\u1ea3i tr\u00ecnh v\u00e0 quan h\u1ec7 \u0111\u1ed1i t\u00e1c l\u00e2u d\u00e0i. Ch\u00fang t\u00f4i tin v\u00e0o ch\u1ea5t l\u01b0\u1ee3ng \u1ed5n \u0111\u1ecbnh, \u0111\u1ed5i m\u1edbi li\u00ean t\u1ee5c v\u00e0 th\u1ef1c s\u1ef1 kh\u00f4ng c\u00f3 g\u00ec c\u00f3 th\u1ec3 thay th\u1ebf \u0111\u01b0\u1ee3c ch\u1ea5t l\u01b0\u1ee3ng.<\/p>\n\t\t<\/div>\n\t\t\t\t\t<\/div>\n\n\t\n<\/div>\n\t\t<\/div>\n\n\t\t\n<style>\n#section_915735569 {\n  padding-top: 60px;\n  padding-bottom: 60px;\n}\n<\/style>\n\t<\/section>\n\t\n","protected":false},"excerpt":{"rendered":"","protected":false},"author":1,"featured_media":0,"parent":0,"menu_order":0,"comment_status":"closed","ping_status":"closed","template":"page-blank.php","meta":{"_acf_changed":false,"footnotes":""},"class_list":["post-1362","page","type-page","status-publish","hentry"],"acf":[],"_links":{"self":[{"href":"https:\/\/pltcgroup.com\/vi\/wp-json\/wp\/v2\/pages\/1362","targetHints":{"allow":["GET"]}}],"collection":[{"href":"https:\/\/pltcgroup.com\/vi\/wp-json\/wp\/v2\/pages"}],"about":[{"href":"https:\/\/pltcgroup.com\/vi\/wp-json\/wp\/v2\/types\/page"}],"author":[{"embeddable":true,"href":"https:\/\/pltcgroup.com\/vi\/wp-json\/wp\/v2\/users\/1"}],"replies":[{"embeddable":true,"href":"https:\/\/pltcgroup.com\/vi\/wp-json\/wp\/v2\/comments?post=1362"}],"version-history":[{"count":7,"href":"https:\/\/pltcgroup.com\/vi\/wp-json\/wp\/v2\/pages\/1362\/revisions"}],"predecessor-version":[{"id":1386,"href":"https:\/\/pltcgroup.com\/vi\/wp-json\/wp\/v2\/pages\/1362\/revisions\/1386"}],"wp:attachment":[{"href":"https:\/\/pltcgroup.com\/vi\/wp-json\/wp\/v2\/media?parent=1362"}],"curies":[{"name":"wp","href":"https:\/\/api.w.org\/{rel}","templated":true}]}}