{"id":1445,"date":"2025-09-20T03:55:19","date_gmt":"2025-09-20T03:55:19","guid":{"rendered":"https:\/\/pltcgroup.com\/lien-he\/"},"modified":"2025-10-24T07:49:33","modified_gmt":"2025-10-24T07:49:33","slug":"lien-he","status":"publish","type":"page","link":"https:\/\/pltcgroup.com\/vi\/lien-he\/","title":{"rendered":"Li\u00ean h\u1ec7"},"content":{"rendered":"\t<div class=\"img has-hover x md-x lg-x y md-y lg-y\" id=\"image_2127041473\">\n\t\t\t\t\t\t\t\t<div class=\"img-inner image-cover dark\" style=\"padding-top:20%;\">\n\t\t\t<img loading=\"lazy\" decoding=\"async\" width=\"1920\" height=\"1392\" src=\"https:\/\/pltcgroup.com\/wp-content\/uploads\/2025\/09\/thiet-ke-can-ho-Hawai-q2-TPHCM-6-1.jpg\" class=\"attachment-original size-original\" alt=\"Thiet Ke Can Ho Hawai Q2 TPHCM 6\" srcset=\"https:\/\/pltcgroup.com\/wp-content\/uploads\/2025\/09\/thiet-ke-can-ho-Hawai-q2-TPHCM-6-1.jpg 1920w, https:\/\/pltcgroup.com\/wp-content\/uploads\/2025\/09\/thiet-ke-can-ho-Hawai-q2-TPHCM-6-1-600x435.jpg 600w, https:\/\/pltcgroup.com\/wp-content\/uploads\/2025\/09\/thiet-ke-can-ho-Hawai-q2-TPHCM-6-1-300x218.jpg 300w, https:\/\/pltcgroup.com\/wp-content\/uploads\/2025\/09\/thiet-ke-can-ho-Hawai-q2-TPHCM-6-1-1024x742.jpg 1024w, https:\/\/pltcgroup.com\/wp-content\/uploads\/2025\/09\/thiet-ke-can-ho-Hawai-q2-TPHCM-6-1-768x557.jpg 768w, https:\/\/pltcgroup.com\/wp-content\/uploads\/2025\/09\/thiet-ke-can-ho-Hawai-q2-TPHCM-6-1-1536x1114.jpg 1536w\" sizes=\"auto, (max-width: 1920px) 100vw, 1920px\" title=\"\">\t\t\t\t\t\t\n\t\t\t\t\t<\/div>\n\t\t\t\t\t\t\t\t\n<style>\n#image_2127041473 {\n  width: 100%;\n}\n<\/style>\n\t<\/div>\n\t\n\n\t<section class=\"section\" id=\"section_1672666196\">\n\t\t<div class=\"section-bg fill\" >\n\t\t\t\t\t\t\t\t\t\n\t\t\t\n\n\t\t<\/div>\n\n\t\t\n\n\t\t<div class=\"section-content relative\">\n\t\t\t\n<div class=\"row\"  id=\"row-572082924\">\n\n\t<div id=\"col-1742885635\" class=\"col medium-6 small-12 large-6\"  >\n\t\t\t\t<div class=\"col-inner\"  >\n\t\t\t\n\t\t\t\n\n<div class=\"wpcf7 no-js\" id=\"wpcf7-f1559-o1\" lang=\"en-US\" dir=\"ltr\" data-wpcf7-id=\"1559\">\n<div class=\"screen-reader-response\"><p role=\"status\" aria-live=\"polite\" aria-atomic=\"true\"><\/p> <ul><\/ul><\/div>\n<form action=\"\/vi\/wp-json\/wp\/v2\/pages\/1445#wpcf7-f1559-o1\" method=\"post\" class=\"wpcf7-form init\" aria-label=\"Contact form\" novalidate=\"novalidate\" data-status=\"init\">\n<fieldset class=\"hidden-fields-container\"><input type=\"hidden\" name=\"_wpcf7\" value=\"1559\" \/><input type=\"hidden\" name=\"_wpcf7_version\" value=\"6.1.2\" \/><input type=\"hidden\" name=\"_wpcf7_locale\" value=\"en_US\" \/><input type=\"hidden\" name=\"_wpcf7_unit_tag\" value=\"wpcf7-f1559-o1\" \/><input type=\"hidden\" name=\"_wpcf7_container_post\" value=\"0\" \/><input type=\"hidden\" name=\"_wpcf7_posted_data_hash\" value=\"\" \/>\n<\/fieldset>\n<div class=\"form-lien-he2\">\n\t<h3>Th\u00f4ng tin li\u00ean h\u1ec7\n\t<\/h3>\n\t<p><span class=\"wpcf7-form-control-wrap\" data-name=\"text-fullname-991\"><input size=\"40\" maxlength=\"400\" class=\"wpcf7-form-control wpcf7-text wpcf7-validates-as-required\" aria-required=\"true\" aria-invalid=\"false\" placeholder=\"H\u1ecd v\u00e0 t\u00ean\" value=\"\" type=\"text\" name=\"text-fullname-991\" \/><\/span><br \/>\n<span class=\"wpcf7-form-control-wrap\" data-name=\"tel-281\"><input size=\"40\" maxlength=\"400\" class=\"wpcf7-form-control wpcf7-tel wpcf7-validates-as-required wpcf7-text wpcf7-validates-as-tel\" aria-required=\"true\" aria-invalid=\"false\" placeholder=\"S\u1ed1 \u0111i\u1ec7n tho\u1ea1i\" value=\"\" type=\"tel\" name=\"tel-281\" \/><\/span><br \/>\n<span class=\"wpcf7-form-control-wrap\" data-name=\"email-794\"><input size=\"40\" maxlength=\"400\" class=\"wpcf7-form-control wpcf7-email wpcf7-validates-as-required wpcf7-text wpcf7-validates-as-email\" aria-required=\"true\" aria-invalid=\"false\" placeholder=\"Email\" value=\"\" type=\"email\" name=\"email-794\" \/><\/span>\n\t<\/p>\n\t<h3>Th\u00f4ng tin d\u1ef1 \u00e1n\n\t<\/h3>\n\t<p><label>T\u00ean d\u1ef1 \u00e1n \/ \u0110\u1ecba ch\u1ec9<\/label><br \/>\n<span class=\"wpcf7-form-control-wrap\" data-name=\"name-project\"><input size=\"40\" maxlength=\"400\" class=\"wpcf7-form-control wpcf7-text wpcf7-validates-as-required\" aria-required=\"true\" aria-invalid=\"false\" placeholder=\"Nh\u1eadp t\u00ean d\u1ef1 \u00e1n ho\u1eb7c \u0111\u1ecba ch\u1ec9...\" value=\"\" type=\"text\" name=\"name-project\" \/><\/span>\n\t<\/p>\n\t<p><label>Lo\u1ea1i d\u1ef1 \u00e1n<\/label><br \/>\n<span class=\"wpcf7-form-control-wrap\" data-name=\"checkbox-678\"><span class=\"wpcf7-form-control wpcf7-checkbox\"><span class=\"wpcf7-list-item first\"><label><input type=\"checkbox\" name=\"checkbox-678[]\" value=\"C\u0103n h\u1ed9\" \/><span class=\"wpcf7-list-item-label\">C\u0103n h\u1ed9<\/span><\/label><\/span><span class=\"wpcf7-list-item\"><label><input type=\"checkbox\" name=\"checkbox-678[]\" value=\"Bi\u1ec7t th\u1ef1\" \/><span class=\"wpcf7-list-item-label\">Bi\u1ec7t th\u1ef1<\/span><\/label><\/span><span class=\"wpcf7-list-item last\"><label><input type=\"checkbox\" name=\"checkbox-678[]\" value=\"Nh\u00e0 ph\u1ed1\" \/><span class=\"wpcf7-list-item-label\">Nh\u00e0 ph\u1ed1<\/span><\/label><\/span><\/span><\/span>\n\t<\/p>\n\t<p><label>D\u1ecbch v\u1ee5 y\u00eau c\u1ea7u<\/label><br \/>\n<span class=\"wpcf7-form-control-wrap\" data-name=\"checkbox-805\"><span class=\"wpcf7-form-control wpcf7-checkbox\"><span class=\"wpcf7-list-item first\"><label><input type=\"checkbox\" name=\"checkbox-805[]\" value=\"Thi\u1ebft k\u1ebf n\u1ed9i th\u1ea5t\" \/><span class=\"wpcf7-list-item-label\">Thi\u1ebft k\u1ebf n\u1ed9i th\u1ea5t<\/span><\/label><\/span><span class=\"wpcf7-list-item\"><label><input type=\"checkbox\" name=\"checkbox-805[]\" value=\"Thi c\u00f4ng n\u1ed9i th\u1ea5t\" \/><span class=\"wpcf7-list-item-label\">Thi c\u00f4ng n\u1ed9i th\u1ea5t<\/span><\/label><\/span><span class=\"wpcf7-list-item last\"><label><input type=\"checkbox\" name=\"checkbox-805[]\" value=\"Thi\u1ebft k\u1ebf &amp; thi c\u00f4ng\" \/><span class=\"wpcf7-list-item-label\">Thi\u1ebft k\u1ebf &amp; thi c\u00f4ng<\/span><\/label><\/span><\/span><\/span>\n\t<\/p>\n\t<p><label>Ghi ch\u00fa th\u00eam<\/label><br \/>\n<span class=\"wpcf7-form-control-wrap\" data-name=\"textarea-341\"><textarea cols=\"40\" rows=\"10\" maxlength=\"2000\" class=\"wpcf7-form-control wpcf7-textarea\" aria-invalid=\"false\" placeholder=\"Nh\u1eadp ghi ch\u00fa...\" name=\"textarea-341\"><\/textarea><\/span>\n\t<\/p>\n\t<p><input class=\"wpcf7-form-control wpcf7-submit has-spinner\" type=\"submit\" value=\"G\u1eedi y\u00eau c\u1ea7u\" \/>\n\t<\/p>\n<\/div><p style=\"display: none !important;\" class=\"akismet-fields-container\" data-prefix=\"_wpcf7_ak_\"><label>&#916;<textarea name=\"_wpcf7_ak_hp_textarea\" cols=\"45\" rows=\"8\" maxlength=\"100\"><\/textarea><\/label><input type=\"hidden\" id=\"ak_js_1\" name=\"_wpcf7_ak_js\" value=\"32\"\/><script>document.getElementById( \"ak_js_1\" ).setAttribute( \"value\", ( new Date() ).getTime() );<\/script><\/p><div class=\"wpcf7-response-output\" aria-hidden=\"true\"><\/div>\n<\/form>\n<\/div>\n\n\t\t<\/div>\n\t\t\t\t\t<\/div>\n\n\t\n\n\t<div id=\"col-269718251\" class=\"col medium-6 small-12 large-6\"  >\n\t\t\t\t<div class=\"col-inner\"  >\n\t\t\t\n\t\t\t\n<h1>Th\u00f4ng tin li\u00ean l\u1ea1c<\/h1>\n<p>V\u1edbi ni\u1ec1m \u0111am m\u00ea v\u00e0 n\u1ed7 l\u1ef1c kh\u00f4ng ng\u1eebng, PLTC t\u1ef1 h\u00e0o \u0111\u00e3 x\u00e2y d\u1ef1ng \u0111\u01b0\u1ee3c ni\u1ec1m tin v\u1edbi c\u00e1c \u0111\u1ed1i t\u00e1c v\u00e0 kh\u00e1ch h\u00e0ng th\u00f4ng qua c\u00e1c d\u1ecbch v\u1ee5 thi\u1ebft k\u1ebf v\u00e0 thi c\u00f4ng n\u1ed9i th\u1ea5t uy t\u00edn v\u00e0 ch\u1ea5t l\u01b0\u1ee3ng cao nh\u1eb1m n\u00e2ng cao b\u1ea3n s\u1eafc \u201cc\u00e1 nh\u00e2n\u201d \u0111\u1ed9c \u0111\u00e1o.<\/p>\n<p>S\u1ef1 h\u00e0i l\u00f2ng c\u1ee7a kh\u00e1ch h\u00e0ng l\u00e0 th\u00e0nh c\u00f4ng c\u1ee7a th\u01b0\u01a1ng hi\u1ec7u PLTC.<\/p>\n<p>\u0110\u1ecba ch\u1ec9 v\u0103n ph\u00f2ng: S\u1ed1 S11, Khu d\u00e2n c\u01b0 Woodland, \u0110\u01b0\u1eddng 86CA, Phum Toul Roka 3, Sangkat Chak Angrae Kraom, Khan Meanchey, Phnom Penh, Campuchia<br \/>\nGi\u1edd l\u00e0m vi\u1ec7c: 8:00 s\u00e1ng \u0111\u1ebfn 5:30 chi\u1ec1u, k\u1ec3 c\u1ea3 Th\u1ee9 B\u1ea3y<\/p>\n\n<p><iframe loading=\"lazy\" style=\"border: 0;\" src=\"https:\/\/www.google.com\/maps\/embed?pb=!1m18!1m12!1m3!1d3909.700880875471!2d104.9245515834183!3d11.501487916270248!2m3!1f0!2f0!3f0!3m2!1i1024!2i768!4f13.1!3m3!1m2!1s0x310951005f5cfcdd%3A0xc41aa320bb6f4a20!2sWoodland%20Residence!5e0!3m2!1skm!2skh!4v1758550516127&amp;hl=km\" width=\"600\" height=\"450\" allowfullscreen=\"allowfullscreen\"><br \/>\n<\/iframe><br \/>\n\n\t\t<\/div>\n\t\t\t\t\t<\/div>\n\n\t\n<\/div>\n\t\t<\/div>\n\n\t\t\n<style>\n#section_1672666196 {\n  padding-top: 30px;\n  padding-bottom: 30px;\n}\n<\/style>\n\t<\/section>\n\t\n","protected":false},"excerpt":{"rendered":"","protected":false},"author":1,"featured_media":0,"parent":0,"menu_order":0,"comment_status":"closed","ping_status":"closed","template":"page-blank.php","meta":{"_acf_changed":false,"footnotes":""},"class_list":["post-1445","page","type-page","status-publish","hentry"],"acf":[],"_links":{"self":[{"href":"https:\/\/pltcgroup.com\/vi\/wp-json\/wp\/v2\/pages\/1445","targetHints":{"allow":["GET"]}}],"collection":[{"href":"https:\/\/pltcgroup.com\/vi\/wp-json\/wp\/v2\/pages"}],"about":[{"href":"https:\/\/pltcgroup.com\/vi\/wp-json\/wp\/v2\/types\/page"}],"author":[{"embeddable":true,"href":"https:\/\/pltcgroup.com\/vi\/wp-json\/wp\/v2\/users\/1"}],"replies":[{"embeddable":true,"href":"https:\/\/pltcgroup.com\/vi\/wp-json\/wp\/v2\/comments?post=1445"}],"version-history":[{"count":5,"href":"https:\/\/pltcgroup.com\/vi\/wp-json\/wp\/v2\/pages\/1445\/revisions"}],"predecessor-version":[{"id":1565,"href":"https:\/\/pltcgroup.com\/vi\/wp-json\/wp\/v2\/pages\/1445\/revisions\/1565"}],"wp:attachment":[{"href":"https:\/\/pltcgroup.com\/vi\/wp-json\/wp\/v2\/media?parent=1445"}],"curies":[{"name":"wp","href":"https:\/\/api.w.org\/{rel}","templated":true}]}}