{"id":1470,"date":"2025-10-09T07:51:26","date_gmt":"2025-10-09T07:51:26","guid":{"rendered":"https:\/\/pltcgroup.com\/%e1%9e%91%e1%9f%92%e1%9e%9c%e1%9e%b6%e1%9e%9a%e1%9e%9a%e1%9e%94%e1%9e%84-%e1%9e%93%e1%9e%b7%e1%9e%84-%e1%9e%9a%e1%9e%94%e1%9e%b6%e1%9f%86%e1%9e%84\/"},"modified":"2025-10-24T04:32:10","modified_gmt":"2025-10-24T04:32:10","slug":"hang-rao-va-cong","status":"publish","type":"page","link":"https:\/\/pltcgroup.com\/vi\/hang-rao-va-cong\/","title":{"rendered":"H\u00e0ng r\u00e0o v\u00e0 c\u1ed5ng"},"content":{"rendered":"\n\t<section class=\"section\" id=\"section_1107278452\">\n\t\t<div class=\"section-bg fill\" >\n\t\t\t\t\t\t\t\t\t\n\t\t\t\n\n\t\t<\/div>\n\n\t\t\n\n\t\t<div class=\"section-content relative\">\n\t\t\t\n<div class=\"row\"  id=\"row-884782492\">\n\n\t<div id=\"col-198898784\" class=\"col small-12 large-12\"  >\n\t\t\t\t<div class=\"col-inner\"  >\n\t\t\t\n\t\t\t\n<h1>C\u1eeda c\u1ed5ng &amp; r\u00e0o ch\u1eafn<\/p>\n<\/h1>\n<h2>R\u00e0o ch\u1eafn<\/h2>\n\t\n  \n    <div class=\"row large-columns-5 medium-columns-3 small-columns-1 row-small\" >\n  \n\t     <div class=\"col\" >\n\t\t\t\t\t\t<div class=\"col-inner\">\n\t\t\t\t\t\t\n<div class=\"badge-container absolute left top z-1\">\n\n<\/div>\n\t\t\t\t\t\t<div class=\"product-small box has-hover box-normal box-text-bottom\">\n\t\t\t\t\t\t\t<div class=\"box-image\" >\n\t\t\t\t\t\t\t\t<div class=\"image-cover\" style=\"padding-top:300px;\">\n\t\t\t\t\t\t\t\t\t<a href=\"https:\/\/pltcgroup.com\/vi\/san-pham\/rao-can\/\" aria-label=\"R\u00e0o c\u1ea3n\">\n\t\t\t\t\t\t\t\t\t\t<img loading=\"lazy\" decoding=\"async\" width=\"537\" height=\"481\" src=\"https:\/\/pltcgroup.com\/wp-content\/uploads\/2025\/10\/Barrier.png\" class=\"attachment-original size-original\" alt=\"Barrier\" title=\"\">\t\t\t\t\t\t\t\t\t<\/a>\n\t\t\t\t\t\t\t\t\t\t\t\t\t\t\t\t\t\t \t\t\t\t\t\t\t\t<\/div>\n\t\t\t\t\t\t\t\t<div class=\"image-tools top right show-on-hover\">\n\t\t\t\t\t\t\t\t\t\t\t\t\t\t\t\t\t<\/div>\n\t\t\t\t\t\t\t\t\t\t\t\t\t\t\t\t\t<div class=\"image-tools grid-tools text-center hide-for-small bottom hover-slide-in show-on-hover\">\n\t\t\t\t\t\t\t\t\t\t\t\t\t\t\t\t\t\t\t<\/div>\n\t\t\t\t\t\t\t\t\t\t\t\t\t\t\t\t\t\t\t\t\t\t\t<\/div>\n\n\t\t\t\t\t\t\t<div class=\"box-text text-center\" >\n\t\t\t\t\t\t\t\t<div class=\"title-wrapper\"><p class=\"name product-title woocommerce-loop-product__title\"><a href=\"https:\/\/pltcgroup.com\/vi\/san-pham\/rao-can\/\" class=\"woocommerce-LoopProduct-link woocommerce-loop-product__link\">R\u00e0o c\u1ea3n<\/a><\/p><\/div><div class=\"price-wrapper\">\n<\/div>\t\t\t\t\t\t\t<\/div>\n\t\t\t\t\t\t<\/div>\n\t\t\t\t\t\t<\/div>\n\t\t\t\t\t<\/div><\/div>\n<h2>C\u1ed5ng x\u1ebfp<\/p>\n<\/h2>\n\t\n  \n    <div class=\"row large-columns-5 medium-columns-3 small-columns-1 row-small\" >\n  \n\t     <div class=\"col\" >\n\t\t\t\t\t\t<div class=\"col-inner\">\n\t\t\t\t\t\t\n<div class=\"badge-container absolute left top z-1\">\n\n<\/div>\n\t\t\t\t\t\t<div class=\"product-small box has-hover box-normal box-text-bottom\">\n\t\t\t\t\t\t\t<div class=\"box-image\" >\n\t\t\t\t\t\t\t\t<div class=\"image-cover\" style=\"padding-top:300px;\">\n\t\t\t\t\t\t\t\t\t<a href=\"https:\/\/pltcgroup.com\/vi\/san-pham\/cong-xep-inox\/\" aria-label=\"C\u1ed5ng x\u1ebfp Inox\">\n\t\t\t\t\t\t\t\t\t\t<img loading=\"lazy\" decoding=\"async\" width=\"773\" height=\"552\" src=\"https:\/\/pltcgroup.com\/wp-content\/uploads\/2025\/10\/2.-Stainless-steel.png\" class=\"attachment-original size-original\" alt=\"2. Stainless Steel\" srcset=\"https:\/\/pltcgroup.com\/wp-content\/uploads\/2025\/10\/2.-Stainless-steel.png 773w, https:\/\/pltcgroup.com\/wp-content\/uploads\/2025\/10\/2.-Stainless-steel-650x464.png 650w, https:\/\/pltcgroup.com\/wp-content\/uploads\/2025\/10\/2.-Stainless-steel-768x548.png 768w, https:\/\/pltcgroup.com\/wp-content\/uploads\/2025\/10\/2.-Stainless-steel-600x428.png 600w\" sizes=\"auto, (max-width: 773px) 100vw, 773px\" title=\"\">\t\t\t\t\t\t\t\t\t<\/a>\n\t\t\t\t\t\t\t\t\t\t\t\t\t\t\t\t\t\t \t\t\t\t\t\t\t\t<\/div>\n\t\t\t\t\t\t\t\t<div class=\"image-tools top right show-on-hover\">\n\t\t\t\t\t\t\t\t\t\t\t\t\t\t\t\t\t<\/div>\n\t\t\t\t\t\t\t\t\t\t\t\t\t\t\t\t\t<div class=\"image-tools grid-tools text-center hide-for-small bottom hover-slide-in show-on-hover\">\n\t\t\t\t\t\t\t\t\t\t\t\t\t\t\t\t\t\t\t<\/div>\n\t\t\t\t\t\t\t\t\t\t\t\t\t\t\t\t\t\t\t\t\t\t\t<\/div>\n\n\t\t\t\t\t\t\t<div class=\"box-text text-center\" >\n\t\t\t\t\t\t\t\t<div class=\"title-wrapper\"><p class=\"name product-title woocommerce-loop-product__title\"><a href=\"https:\/\/pltcgroup.com\/vi\/san-pham\/cong-xep-inox\/\" class=\"woocommerce-LoopProduct-link woocommerce-loop-product__link\">C\u1ed5ng x\u1ebfp Inox<\/a><\/p><\/div><div class=\"price-wrapper\">\n<\/div>\t\t\t\t\t\t\t<\/div>\n\t\t\t\t\t\t<\/div>\n\t\t\t\t\t\t<\/div>\n\t\t\t\t\t<\/div><div class=\"col\" >\n\t\t\t\t\t\t<div class=\"col-inner\">\n\t\t\t\t\t\t\n<div class=\"badge-container absolute left top z-1\">\n\n<\/div>\n\t\t\t\t\t\t<div class=\"product-small box has-hover box-normal box-text-bottom\">\n\t\t\t\t\t\t\t<div class=\"box-image\" >\n\t\t\t\t\t\t\t\t<div class=\"image-cover\" style=\"padding-top:300px;\">\n\t\t\t\t\t\t\t\t\t<a href=\"https:\/\/pltcgroup.com\/vi\/san-pham\/cua-xep-nhom\/\" aria-label=\"C\u1eeda x\u1ebfp nh\u00f4m\">\n\t\t\t\t\t\t\t\t\t\t<img loading=\"lazy\" decoding=\"async\" width=\"780\" height=\"551\" src=\"https:\/\/pltcgroup.com\/wp-content\/uploads\/2025\/10\/1.-Aluminum.png\" class=\"attachment-original size-original\" alt=\"1. Aluminum\" srcset=\"https:\/\/pltcgroup.com\/wp-content\/uploads\/2025\/10\/1.-Aluminum.png 780w, https:\/\/pltcgroup.com\/wp-content\/uploads\/2025\/10\/1.-Aluminum-650x459.png 650w, https:\/\/pltcgroup.com\/wp-content\/uploads\/2025\/10\/1.-Aluminum-768x543.png 768w, https:\/\/pltcgroup.com\/wp-content\/uploads\/2025\/10\/1.-Aluminum-600x424.png 600w\" sizes=\"auto, (max-width: 780px) 100vw, 780px\" title=\"\">\t\t\t\t\t\t\t\t\t<\/a>\n\t\t\t\t\t\t\t\t\t\t\t\t\t\t\t\t\t\t \t\t\t\t\t\t\t\t<\/div>\n\t\t\t\t\t\t\t\t<div class=\"image-tools top right show-on-hover\">\n\t\t\t\t\t\t\t\t\t\t\t\t\t\t\t\t\t<\/div>\n\t\t\t\t\t\t\t\t\t\t\t\t\t\t\t\t\t<div class=\"image-tools grid-tools text-center hide-for-small bottom hover-slide-in show-on-hover\">\n\t\t\t\t\t\t\t\t\t\t\t\t\t\t\t\t\t\t\t<\/div>\n\t\t\t\t\t\t\t\t\t\t\t\t\t\t\t\t\t\t\t\t\t\t\t<\/div>\n\n\t\t\t\t\t\t\t<div class=\"box-text text-center\" >\n\t\t\t\t\t\t\t\t<div class=\"title-wrapper\"><p class=\"name product-title woocommerce-loop-product__title\"><a href=\"https:\/\/pltcgroup.com\/vi\/san-pham\/cua-xep-nhom\/\" class=\"woocommerce-LoopProduct-link woocommerce-loop-product__link\">C\u1eeda x\u1ebfp nh\u00f4m<\/a><\/p><\/div><div class=\"price-wrapper\">\n<\/div>\t\t\t\t\t\t\t<\/div>\n\t\t\t\t\t\t<\/div>\n\t\t\t\t\t\t<\/div>\n\t\t\t\t\t<\/div><\/div>\n<h2>C\u1ed5ng tr\u01b0\u1ee3t<\/h2>\n\t\n  \n    <div class=\"row large-columns-5 medium-columns-3 small-columns-1 row-small\" >\n  \n\t     <div class=\"col\" >\n\t\t\t\t\t\t<div class=\"col-inner\">\n\t\t\t\t\t\t\n<div class=\"badge-container absolute left top z-1\">\n\n<\/div>\n\t\t\t\t\t\t<div class=\"product-small box has-hover box-normal box-text-bottom\">\n\t\t\t\t\t\t\t<div class=\"box-image\" >\n\t\t\t\t\t\t\t\t<div class=\"image-cover\" style=\"padding-top:300px;\">\n\t\t\t\t\t\t\t\t\t<a href=\"https:\/\/pltcgroup.com\/vi\/san-pham\/cong-truot\/\" aria-label=\"C\u1ed5ng tr\u01b0\u1ee3t\">\n\t\t\t\t\t\t\t\t\t\t<img loading=\"lazy\" decoding=\"async\" width=\"998\" height=\"457\" src=\"https:\/\/pltcgroup.com\/wp-content\/uploads\/2025\/10\/Sliding-Gate.png\" class=\"attachment-original size-original\" alt=\"Sliding Gate\" srcset=\"https:\/\/pltcgroup.com\/wp-content\/uploads\/2025\/10\/Sliding-Gate.png 998w, https:\/\/pltcgroup.com\/wp-content\/uploads\/2025\/10\/Sliding-Gate-650x298.png 650w, https:\/\/pltcgroup.com\/wp-content\/uploads\/2025\/10\/Sliding-Gate-768x352.png 768w, https:\/\/pltcgroup.com\/wp-content\/uploads\/2025\/10\/Sliding-Gate-600x275.png 600w\" sizes=\"auto, (max-width: 998px) 100vw, 998px\" title=\"\">\t\t\t\t\t\t\t\t\t<\/a>\n\t\t\t\t\t\t\t\t\t\t\t\t\t\t\t\t\t\t \t\t\t\t\t\t\t\t<\/div>\n\t\t\t\t\t\t\t\t<div class=\"image-tools top right show-on-hover\">\n\t\t\t\t\t\t\t\t\t\t\t\t\t\t\t\t\t<\/div>\n\t\t\t\t\t\t\t\t\t\t\t\t\t\t\t\t\t<div class=\"image-tools grid-tools text-center hide-for-small bottom hover-slide-in show-on-hover\">\n\t\t\t\t\t\t\t\t\t\t\t\t\t\t\t\t\t\t\t<\/div>\n\t\t\t\t\t\t\t\t\t\t\t\t\t\t\t\t\t\t\t\t\t\t\t<\/div>\n\n\t\t\t\t\t\t\t<div class=\"box-text text-center\" >\n\t\t\t\t\t\t\t\t<div class=\"title-wrapper\"><p class=\"name product-title woocommerce-loop-product__title\"><a href=\"https:\/\/pltcgroup.com\/vi\/san-pham\/cong-truot\/\" class=\"woocommerce-LoopProduct-link woocommerce-loop-product__link\">C\u1ed5ng tr\u01b0\u1ee3t<\/a><\/p><\/div><div class=\"price-wrapper\">\n<\/div>\t\t\t\t\t\t\t<\/div>\n\t\t\t\t\t\t<\/div>\n\t\t\t\t\t\t<\/div>\n\t\t\t\t\t<\/div><\/div>\n\t\t<\/div>\n\t\t\t\t\t<\/div>\n\n\t\n<\/div>\n\t\t<\/div>\n\n\t\t\n<style>\n#section_1107278452 {\n  padding-top: 30px;\n  padding-bottom: 30px;\n}\n<\/style>\n\t<\/section>\n\t\n","protected":false},"excerpt":{"rendered":"","protected":false},"author":1,"featured_media":0,"parent":0,"menu_order":0,"comment_status":"closed","ping_status":"closed","template":"","meta":{"_acf_changed":false,"footnotes":""},"class_list":["post-1470","page","type-page","status-publish","hentry"],"acf":[],"_links":{"self":[{"href":"https:\/\/pltcgroup.com\/vi\/wp-json\/wp\/v2\/pages\/1470","targetHints":{"allow":["GET"]}}],"collection":[{"href":"https:\/\/pltcgroup.com\/vi\/wp-json\/wp\/v2\/pages"}],"about":[{"href":"https:\/\/pltcgroup.com\/vi\/wp-json\/wp\/v2\/types\/page"}],"author":[{"embeddable":true,"href":"https:\/\/pltcgroup.com\/vi\/wp-json\/wp\/v2\/users\/1"}],"replies":[{"embeddable":true,"href":"https:\/\/pltcgroup.com\/vi\/wp-json\/wp\/v2\/comments?post=1470"}],"version-history":[{"count":6,"href":"https:\/\/pltcgroup.com\/vi\/wp-json\/wp\/v2\/pages\/1470\/revisions"}],"predecessor-version":[{"id":1506,"href":"https:\/\/pltcgroup.com\/vi\/wp-json\/wp\/v2\/pages\/1470\/revisions\/1506"}],"wp:attachment":[{"href":"https:\/\/pltcgroup.com\/vi\/wp-json\/wp\/v2\/media?parent=1470"}],"curies":[{"name":"wp","href":"https:\/\/api.w.org\/{rel}","templated":true}]}}