{"id":1482,"date":"2025-10-09T04:41:06","date_gmt":"2025-10-09T04:41:06","guid":{"rendered":"https:\/\/pltcgroup.com\/cua-cuon\/"},"modified":"2025-10-24T04:19:51","modified_gmt":"2025-10-24T04:19:51","slug":"cua-cuon","status":"publish","type":"page","link":"https:\/\/pltcgroup.com\/vi\/cua-cuon\/","title":{"rendered":"C\u1eeda cu\u1ed1n"},"content":{"rendered":"\n\t<section class=\"section\" id=\"section_153538566\">\n\t\t<div class=\"section-bg fill\" >\n\t\t\t\t\t\t\t\t\t\n\t\t\t\n\n\t\t<\/div>\n\n\t\t\n\n\t\t<div class=\"section-content relative\">\n\t\t\t\n<div class=\"row\"  id=\"row-562040684\">\n\n\t<div id=\"col-1007260823\" class=\"col small-12 large-12\"  >\n\t\t\t\t<div class=\"col-inner\"  >\n\t\t\t\n\t\t\t\n<h1>C\u1eeda cu\u1ed1n<\/h1>\n<h2>C\u1eeda cu\u1ed1n ch\u1ed1ng ch\u00e1y v\u00e0 c\u00e1ch nhi\u1ec7t<\/h2>\n\t\n  \n    <div class=\"row large-columns-5 medium-columns-3 small-columns-1 row-small\" >\n  \n\t     <div class=\"col\" >\n\t\t\t\t\t\t<div class=\"col-inner\">\n\t\t\t\t\t\t\n<div class=\"badge-container absolute left top z-1\">\n\n<\/div>\n\t\t\t\t\t\t<div class=\"product-small box has-hover box-normal box-text-bottom\">\n\t\t\t\t\t\t\t<div class=\"box-image\" >\n\t\t\t\t\t\t\t\t<div class=\"image-cover\" style=\"padding-top:300px;\">\n\t\t\t\t\t\t\t\t\t<a href=\"https:\/\/pltcgroup.com\/vi\/san-pham\/cua-cuon-chong-chay-lecmax-cx60\/\" aria-label=\"C\u1eeda cu\u1ed1n ch\u1ed1ng ch\u00e1y LECMAX - CX60\">\n\t\t\t\t\t\t\t\t\t\t<img loading=\"lazy\" decoding=\"async\" width=\"500\" height=\"500\" src=\"https:\/\/pltcgroup.com\/wp-content\/uploads\/2025\/10\/cua-cuon-chong-chay-lecmax-cx60.jpg\" class=\"attachment-original size-original\" alt=\"Cua Cuon Chong Chay Lecmax Cx60\" srcset=\"https:\/\/pltcgroup.com\/wp-content\/uploads\/2025\/10\/cua-cuon-chong-chay-lecmax-cx60.jpg 500w, https:\/\/pltcgroup.com\/wp-content\/uploads\/2025\/10\/cua-cuon-chong-chay-lecmax-cx60-300x300.jpg 300w, https:\/\/pltcgroup.com\/wp-content\/uploads\/2025\/10\/cua-cuon-chong-chay-lecmax-cx60-100x100.jpg 100w\" sizes=\"auto, (max-width: 500px) 100vw, 500px\" title=\"\">\t\t\t\t\t\t\t\t\t<\/a>\n\t\t\t\t\t\t\t\t\t\t\t\t\t\t\t\t\t\t \t\t\t\t\t\t\t\t<\/div>\n\t\t\t\t\t\t\t\t<div class=\"image-tools top right show-on-hover\">\n\t\t\t\t\t\t\t\t\t\t\t\t\t\t\t\t\t<\/div>\n\t\t\t\t\t\t\t\t\t\t\t\t\t\t\t\t\t<div class=\"image-tools grid-tools text-center hide-for-small bottom hover-slide-in show-on-hover\">\n\t\t\t\t\t\t\t\t\t\t\t\t\t\t\t\t\t\t\t<\/div>\n\t\t\t\t\t\t\t\t\t\t\t\t\t\t\t\t\t\t\t\t\t\t\t<\/div>\n\n\t\t\t\t\t\t\t<div class=\"box-text text-center\" >\n\t\t\t\t\t\t\t\t<div class=\"title-wrapper\"><p class=\"name product-title woocommerce-loop-product__title\"><a href=\"https:\/\/pltcgroup.com\/vi\/san-pham\/cua-cuon-chong-chay-lecmax-cx60\/\" class=\"woocommerce-LoopProduct-link woocommerce-loop-product__link\">C\u1eeda cu\u1ed1n ch\u1ed1ng ch\u00e1y LECMAX &#8211; CX60<\/a><\/p><\/div><div class=\"price-wrapper\">\n<\/div>\t\t\t\t\t\t\t<\/div>\n\t\t\t\t\t\t<\/div>\n\t\t\t\t\t\t<\/div>\n\t\t\t\t\t<\/div><\/div>\n<h2>C\u1eeda cu\u1ed1n ch\u1ed1ng ch\u00e1y kh\u00f4ng c\u00e1ch nhi\u1ec7t<\/h2>\n\t\n  \n    <div class=\"row large-columns-5 medium-columns-3 small-columns-1 row-small\" >\n  \n\t     <div class=\"col\" >\n\t\t\t\t\t\t<div class=\"col-inner\">\n\t\t\t\t\t\t\n<div class=\"badge-container absolute left top z-1\">\n\n<\/div>\n\t\t\t\t\t\t<div class=\"product-small box has-hover box-normal box-text-bottom\">\n\t\t\t\t\t\t\t<div class=\"box-image\" >\n\t\t\t\t\t\t\t\t<div class=\"image-cover\" style=\"padding-top:300px;\">\n\t\t\t\t\t\t\t\t\t<a href=\"https:\/\/pltcgroup.com\/vi\/san-pham\/cua-cuon-chong-chay-lecmax-sh1-2\/\" aria-label=\"C\u1eeda cu\u1ed1n ch\u1ed1ng ch\u00e1y LECMAX - SH1.2\">\n\t\t\t\t\t\t\t\t\t\t<img loading=\"lazy\" decoding=\"async\" width=\"500\" height=\"500\" src=\"https:\/\/pltcgroup.com\/wp-content\/uploads\/2025\/10\/cua-cuon-chong-chay-lecmax-sh12.jpg\" class=\"attachment-original size-original\" alt=\"Cua Cuon Chong Chay Lecmax Sh12\" srcset=\"https:\/\/pltcgroup.com\/wp-content\/uploads\/2025\/10\/cua-cuon-chong-chay-lecmax-sh12.jpg 500w, https:\/\/pltcgroup.com\/wp-content\/uploads\/2025\/10\/cua-cuon-chong-chay-lecmax-sh12-300x300.jpg 300w, https:\/\/pltcgroup.com\/wp-content\/uploads\/2025\/10\/cua-cuon-chong-chay-lecmax-sh12-100x100.jpg 100w\" sizes=\"auto, (max-width: 500px) 100vw, 500px\" title=\"\">\t\t\t\t\t\t\t\t\t<\/a>\n\t\t\t\t\t\t\t\t\t\t\t\t\t\t\t\t\t\t \t\t\t\t\t\t\t\t<\/div>\n\t\t\t\t\t\t\t\t<div class=\"image-tools top right show-on-hover\">\n\t\t\t\t\t\t\t\t\t\t\t\t\t\t\t\t\t<\/div>\n\t\t\t\t\t\t\t\t\t\t\t\t\t\t\t\t\t<div class=\"image-tools grid-tools text-center hide-for-small bottom hover-slide-in show-on-hover\">\n\t\t\t\t\t\t\t\t\t\t\t\t\t\t\t\t\t\t\t<\/div>\n\t\t\t\t\t\t\t\t\t\t\t\t\t\t\t\t\t\t\t\t\t\t\t<\/div>\n\n\t\t\t\t\t\t\t<div class=\"box-text text-center\" >\n\t\t\t\t\t\t\t\t<div class=\"title-wrapper\"><p class=\"name product-title woocommerce-loop-product__title\"><a href=\"https:\/\/pltcgroup.com\/vi\/san-pham\/cua-cuon-chong-chay-lecmax-sh1-2\/\" class=\"woocommerce-LoopProduct-link woocommerce-loop-product__link\">C\u1eeda cu\u1ed1n ch\u1ed1ng ch\u00e1y LECMAX &#8211; SH1.2<\/a><\/p><\/div><div class=\"price-wrapper\">\n<\/div>\t\t\t\t\t\t\t<\/div>\n\t\t\t\t\t\t<\/div>\n\t\t\t\t\t\t<\/div>\n\t\t\t\t\t<\/div><\/div>\n\t\t<\/div>\n\t\t\t\t\t<\/div>\n\n\t\n<\/div>\n\t\t<\/div>\n\n\t\t\n<style>\n#section_153538566 {\n  padding-top: 30px;\n  padding-bottom: 30px;\n}\n<\/style>\n\t<\/section>\n\t\n","protected":false},"excerpt":{"rendered":"","protected":false},"author":1,"featured_media":0,"parent":0,"menu_order":0,"comment_status":"closed","ping_status":"closed","template":"","meta":{"_acf_changed":false,"footnotes":""},"class_list":["post-1482","page","type-page","status-publish","hentry"],"acf":[],"_links":{"self":[{"href":"https:\/\/pltcgroup.com\/vi\/wp-json\/wp\/v2\/pages\/1482","targetHints":{"allow":["GET"]}}],"collection":[{"href":"https:\/\/pltcgroup.com\/vi\/wp-json\/wp\/v2\/pages"}],"about":[{"href":"https:\/\/pltcgroup.com\/vi\/wp-json\/wp\/v2\/types\/page"}],"author":[{"embeddable":true,"href":"https:\/\/pltcgroup.com\/vi\/wp-json\/wp\/v2\/users\/1"}],"replies":[{"embeddable":true,"href":"https:\/\/pltcgroup.com\/vi\/wp-json\/wp\/v2\/comments?post=1482"}],"version-history":[{"count":2,"href":"https:\/\/pltcgroup.com\/vi\/wp-json\/wp\/v2\/pages\/1482\/revisions"}],"predecessor-version":[{"id":1484,"href":"https:\/\/pltcgroup.com\/vi\/wp-json\/wp\/v2\/pages\/1482\/revisions\/1484"}],"wp:attachment":[{"href":"https:\/\/pltcgroup.com\/vi\/wp-json\/wp\/v2\/media?parent=1482"}],"curies":[{"name":"wp","href":"https:\/\/api.w.org\/{rel}","templated":true}]}}