{"id":1072,"date":"2025-10-09T01:53:02","date_gmt":"2025-10-09T01:53:02","guid":{"rendered":"https:\/\/pltcgroup.com\/san-pham\/lecmax-l04-lock\/"},"modified":"2025-10-24T02:20:13","modified_gmt":"2025-10-24T02:20:13","slug":"lecmax-l04-lock","status":"publish","type":"product","link":"https:\/\/pltcgroup.com\/vi\/san-pham\/lecmax-l04-lock\/","title":{"rendered":"LECMAX L04 LOCK"},"content":{"rendered":"<table style=\"width: 100%; border-collapse: collapse; font-size: 16px;\">\n<tbody>\n<tr>\n<td style=\"border: 1px solid #ccc; padding: 10px; font-weight: bold;\">Ti\u00eau chu\u1ea9n v\u00e0 th\u1eed nghi\u1ec7m<\/td>\n<td style=\"border: 1px solid #ccc; padding: 10px;\">Th\u00e2n kh\u00f3a \u0111\u00e1p \u1ee9ng theo ti\u00eau chu\u1ea9n Ch\u00e2u \u00c2u \u2013 EN 12209<\/td>\n<\/tr>\n<tr>\n<td style=\"border: 1px solid #ccc; padding: 10px;\"><\/td>\n<td style=\"border: 1px solid #ccc; padding: 10px;\">K\u00edch th\u01b0\u1edbc th\u00e2n kh\u00f3a \u0111\u00e1p \u1ee9ng ti\u00eau DIN 18251<\/td>\n<\/tr>\n<tr>\n<td style=\"border: 1px solid #ccc; padding: 10px;\"><\/td>\n<td style=\"border: 1px solid #ccc; padding: 10px;\">Th\u00e2n kh\u00f3a \u0111\u1ea1t ti\u00eau chu\u1ea9n ki\u1ec3m \u0111\u1ecbnh:<\/td>\n<\/tr>\n<tr>\n<td style=\"border: 1px solid #ccc; padding: 10px;\"><\/td>\n<td style=\"border: 1px solid #ccc; padding: 10px;\">\u2013 Ch\u1ed1t c\u1ed1 \u0111\u1ecbnh: 50.000 l\u1ea7n<\/td>\n<\/tr>\n<tr>\n<td style=\"border: 1px solid #ccc; padding: 10px;\"><\/td>\n<td style=\"border: 1px solid #ccc; padding: 10px;\">\u2013 Ch\u1ed1ng \u0103n m\u00f2n: 96 gi\u1edd th\u1eed nghi\u1ec7m phun mu\u1ed1i<\/td>\n<\/tr>\n<tr>\n<td style=\"border: 1px solid #ccc; padding: 10px;\"><\/td>\n<td style=\"border: 1px solid #ccc; padding: 10px;\">\u2013 Hi\u1ec7u su\u1ea5t ch\u1ed1ng ch\u00e1y: 90 ph\u00fat theo ti\u00eau chu\u1ea9n qu\u1ed1c gia<\/td>\n<\/tr>\n<tr>\n<td style=\"border: 1px solid #ccc; padding: 10px; font-weight: bold;\">V\u1eadt li\u1ec7u v\u00e0 ch\u1ee9c n\u0103ng<\/td>\n<td style=\"border: 1px solid #ccc; padding: 10px;\">Th\u00e2n bao kh\u00f3a: Th\u00e9p kh\u00f4ng g\u1ec9 v\u1edbi ch\u1ed1t c\u1ed1 \u0111\u1ecbnh d\u1ea1ng b\u1ea3n to<\/td>\n<\/tr>\n<tr>\n<td style=\"border: 1px solid #ccc; padding: 10px;\"><\/td>\n<td style=\"border: 1px solid #ccc; padding: 10px;\">Ch\u1ed1t c\u1ed1 \u0111\u1ecbnh: Th\u00e9p \u0111\u00fac kh\u00f4ng g\u1ec9, 2 l\u01b0\u1ee3t<\/td>\n<\/tr>\n<tr>\n<td style=\"border: 1px solid #ccc; padding: 10px;\"><\/td>\n<td style=\"border: 1px solid #ccc; padding: 10px;\">T\u1ea5m m\u1eb7t tr\u01b0\u1edbc: Th\u00e9p kh\u00f4ng g\u1ec9, \u0111\u1ea7u tr\u00f2n ho\u1eb7c vu\u00f4ng<\/td>\n<\/tr>\n<tr>\n<td style=\"border: 1px solid #ccc; padding: 10px;\"><\/td>\n<td style=\"border: 1px solid #ccc; padding: 10px;\">T\u1ea5m Strike: Th\u00e9p kh\u00f4ng g\u1ec9<\/td>\n<\/tr>\n<tr>\n<td style=\"border: 1px solid #ccc; padding: 10px;\"><\/td>\n<td style=\"border: 1px solid #ccc; padding: 10px;\">C\u1ee7 ch\u00eca 1 ho\u1eb7c 2 \u0111\u1ea7u ch\u00eca, 5 ch\u00eca m\u00e0u Nikel<\/td>\n<\/tr>\n<tr>\n<td style=\"border: 1px solid #ccc; padding: 10px; font-weight: bold;\">Ph\u1ee5 ki\u1ec7n<\/td>\n<td style=\"border: 1px solid #ccc; padding: 10px;\">T\u1ea5m Strike, h\u1ed9p n\u00fat, \u0111inh v\u00edt<\/td>\n<\/tr>\n<tr>\n<td style=\"border: 1px solid #ccc; padding: 10px; font-weight: bold;\">\u1ee8ng d\u1ee5ng<\/td>\n<td style=\"border: 1px solid #ccc; padding: 10px;\">C\u1eeda c\u00e1nh ph\u1eb3ng, c\u1eeda g\u1ed7, c\u1eeda kim lo\u1ea1i (c\u1eeda c\u0103n h\u1ed9, c\u1eeda ph\u00f2ng k\u1ef9 thu\u1eadt)<\/td>\n<\/tr>\n<tr>\n<td style=\"border: 1px solid #ccc; padding: 10px; font-weight: bold;\">H\u00e3ng s\u1ea3n xu\u1ea5t<\/td>\n<td style=\"border: 1px solid #ccc; padding: 10px;\">Lecmax<\/td>\n<\/tr>\n<\/tbody>\n<\/table>\n","protected":false},"excerpt":{"rendered":"<div class=\"sub-right-detial\">\n<p><span style=\"font-weight: bold;\">Tag:<\/span> Lecmax door lock<\/p>\n<p><span style=\"font-weight: bold;\"><br \/>\nModel:<\/span> Lecmax L04<\/p>\n<p><span style=\"font-weight: bold;\"><br \/>\nManufactured by: <\/span>Lecmax Vietnam<\/p>\n<p><span style=\"font-weight: bold;\"><br \/>\nOrigin:<\/span> Vietnam<\/p>\n<p><strong>Color:<\/strong><\/p>\n<\/div>\n","protected":false},"featured_media":1063,"comment_status":"closed","ping_status":"closed","template":"","meta":{"_acf_changed":false},"product_brand":[],"product_cat":[106],"product_tag":[],"class_list":{"0":"post-1072","1":"product","2":"type-product","3":"status-publish","4":"has-post-thumbnail","6":"product_cat-phu-kien-tieu-chuan-nhat-ban","8":"first","9":"instock","10":"shipping-taxable","11":"product-type-simple"},"acf":[],"_links":{"self":[{"href":"https:\/\/pltcgroup.com\/vi\/wp-json\/wp\/v2\/product\/1072","targetHints":{"allow":["GET"]}}],"collection":[{"href":"https:\/\/pltcgroup.com\/vi\/wp-json\/wp\/v2\/product"}],"about":[{"href":"https:\/\/pltcgroup.com\/vi\/wp-json\/wp\/v2\/types\/product"}],"replies":[{"embeddable":true,"href":"https:\/\/pltcgroup.com\/vi\/wp-json\/wp\/v2\/comments?post=1072"}],"wp:featuredmedia":[{"embeddable":true,"href":"https:\/\/pltcgroup.com\/vi\/wp-json\/wp\/v2\/media\/1063"}],"wp:attachment":[{"href":"https:\/\/pltcgroup.com\/vi\/wp-json\/wp\/v2\/media?parent=1072"}],"wp:term":[{"taxonomy":"product_brand","embeddable":true,"href":"https:\/\/pltcgroup.com\/vi\/wp-json\/wp\/v2\/product_brand?post=1072"},{"taxonomy":"product_cat","embeddable":true,"href":"https:\/\/pltcgroup.com\/vi\/wp-json\/wp\/v2\/product_cat?post=1072"},{"taxonomy":"product_tag","embeddable":true,"href":"https:\/\/pltcgroup.com\/vi\/wp-json\/wp\/v2\/product_tag?post=1072"}],"curies":[{"name":"wp","href":"https:\/\/api.w.org\/{rel}","templated":true}]}}