{"id":1074,"date":"2025-10-09T01:50:24","date_gmt":"2025-10-09T01:50:24","guid":{"rendered":"https:\/\/pltcgroup.com\/san-pham\/lecmax-l03-lock\/"},"modified":"2025-10-09T01:50:24","modified_gmt":"2025-10-09T01:50:24","slug":"lecmax-l03-lock","status":"publish","type":"product","link":"https:\/\/pltcgroup.com\/vi\/san-pham\/lecmax-l03-lock\/","title":{"rendered":"LECMAX L03 LOCK"},"content":{"rendered":"<table style=\"-webkit-tap-highlight-color: transparent; margin: 1em 0px 2em; padding: 0px; outline: 0px; font-size: 16px; vertical-align: baseline; background: #ffffff; width: 815.2px; color: #0a0a0a; font-family: 'myriad pro', Roboto;\" width=\"643\">\n<tbody style=\"-webkit-tap-highlight-color: transparent; margin: 0px; padding: 0px; outline: 0px; vertical-align: baseline; background: transparent;\">\n<tr style=\"-webkit-tap-highlight-color: transparent; margin: 0px; padding: 0px; outline: 0px; vertical-align: baseline; background: transparent;\">\n<td style=\"-webkit-tap-highlight-color: transparent; margin: 0px; padding: 10px; outline: 0px; vertical-align: middle; background: transparent; border: 1px solid #cccccc;\" width=\"181\">Ti\u00eau chu\u1ea9n v\u00e0 th\u1eed nghi\u00eam<\/td>\n<td style=\"-webkit-tap-highlight-color: transparent; margin: 0px; padding: 10px; outline: 0px; vertical-align: middle; background: transparent; border: 1px solid #cccccc;\" width=\"462\">Th\u00e2n kh\u00f3a \u0111\u00e1p \u1ee9ng theo ti\u00eau chu\u1ea9n Ch\u00e2u \u00c2u \u2013 EN 12209<\/p>\n<p style=\"-webkit-tap-highlight-color: transparent; margin-bottom: 10px; padding: 0px; outline: 0px; vertical-align: baseline; background: transparent; line-height: 1.5em;\">K\u00edch th\u01b0\u1edbc th\u00e2n kh\u00f3a \u0111\u00e1p \u1ee9ng ti\u00eau DIN 18251<\/p>\n<p style=\"-webkit-tap-highlight-color: transparent; margin-bottom: 10px; padding: 0px; outline: 0px; vertical-align: baseline; background: transparent; line-height: 1.5em;\">Th\u00e2n kh\u00f3a \u0111\u1ea1t ti\u00eau chu\u1ea9n ki\u1ec3m \u0111\u1ecbnh:<\/p>\n<p style=\"-webkit-tap-highlight-color: transparent; margin-bottom: 10px; padding: 0px; outline: 0px; vertical-align: baseline; background: transparent; line-height: 1.5em;\">\u2013 Ch\u1ed1t c\u1ed1 \u0111\u1ecbnh: 50.000 l\u1ea7n<\/p>\n<p style=\"-webkit-tap-highlight-color: transparent; margin-bottom: 10px; padding: 0px; outline: 0px; vertical-align: baseline; background: transparent; line-height: 1.5em;\">\u2013 Ch\u1ed1ng \u0103n m\u00f2n: 96 gi\u1edd th\u1eed nghi\u1ec7m phun mu\u1ed1i<\/p>\n<p style=\"-webkit-tap-highlight-color: transparent; margin-bottom: 0px; padding: 0px; outline: 0px; vertical-align: baseline; background: transparent; line-height: 1.5em;\">\u2013 Hi\u1ec7u xu\u1ea5t ch\u1ed1ng ch\u00e1y: 90 ph\u00fat theo ti\u00eau chu\u1ea9n qu\u1ed1c gia<\/p>\n<\/td>\n<\/tr>\n<tr style=\"-webkit-tap-highlight-color: transparent; margin: 0px; padding: 0px; outline: 0px; vertical-align: baseline; background: transparent;\">\n<td style=\"-webkit-tap-highlight-color: transparent; margin: 0px; padding: 10px; outline: 0px; vertical-align: middle; background: transparent; border: 1px solid #cccccc;\" width=\"181\">V\u1eadt li\u1ec7u v\u00e0 ch\u1ee9c n\u0103ng<\/td>\n<td style=\"-webkit-tap-highlight-color: transparent; margin: 0px; padding: 10px; outline: 0px; vertical-align: middle; background: transparent; border: 1px solid #cccccc;\" width=\"462\">Th\u00e2n bao kh\u00f3a: Th\u00e9p kh\u00f4ng g\u1ec9 v\u1edbi ch\u1ed1t c\u1ed1 \u0111\u1ecbnh d\u1ea1ng b\u1ea3n to<\/p>\n<p style=\"-webkit-tap-highlight-color: transparent; margin-bottom: 10px; padding: 0px; outline: 0px; vertical-align: baseline; background: transparent; line-height: 1.5em;\">Ch\u1ed1t c\u1ed1 \u0111\u1ecbnh: Th\u00e9p \u0111\u00fac kh\u00f4ng g\u1ec9, 2 l\u01b0\u1ee3t<\/p>\n<p style=\"-webkit-tap-highlight-color: transparent; margin-bottom: 10px; padding: 0px; outline: 0px; vertical-align: baseline; background: transparent; line-height: 1.5em;\">T\u1ea5m m\u1eb7t tr\u01b0\u1edbc: Th\u00e9p kh\u00f4ng g\u1ec9, v\u1edbi chi\u1ec1u r\u1ed9ng kh\u00e1c nhau c\u00e1c \u0111\u1ea7u tr\u00f2n ho\u1eb7c vu\u00f4ng.<\/p>\n<p style=\"-webkit-tap-highlight-color: transparent; margin-bottom: 10px; padding: 0px; outline: 0px; vertical-align: baseline; background: transparent; line-height: 1.5em;\">T\u1ea5m Stike: Th\u00e9p kh\u00f4ng g\u1ec9<\/p>\n<p style=\"-webkit-tap-highlight-color: transparent; margin-bottom: 0px; padding: 0px; outline: 0px; vertical-align: baseline; background: transparent; line-height: 1.5em;\">C\u1ee7 ch\u00eca 1 ho\u1eb7c 2 \u0111\u1ea7u ch\u00eca, 5 ch\u00eca m\u00e0u Nikel<\/p>\n<\/td>\n<\/tr>\n<tr style=\"-webkit-tap-highlight-color: transparent; margin: 0px; padding: 0px; outline: 0px; vertical-align: baseline; background: transparent;\">\n<td style=\"-webkit-tap-highlight-color: transparent; margin: 0px; padding: 10px; outline: 0px; vertical-align: middle; background: transparent; border: 1px solid #cccccc;\" width=\"181\">Ph\u1ee5 ki\u1ec7n<\/td>\n<td style=\"-webkit-tap-highlight-color: transparent; margin: 0px; padding: 10px; outline: 0px; vertical-align: middle; background: transparent; border: 1px solid #cccccc;\" width=\"462\">T\u1ea5m Stike, h\u1ed9p n\u00fat, \u0111inh v\u00edt<\/td>\n<\/tr>\n<tr style=\"-webkit-tap-highlight-color: transparent; margin: 0px; padding: 0px; outline: 0px; vertical-align: baseline; background: transparent;\">\n<td style=\"-webkit-tap-highlight-color: transparent; margin: 0px; padding: 10px; outline: 0px; vertical-align: middle; background: transparent; border: 1px solid #cccccc;\" width=\"181\">\u1ee8ng d\u1ee5ng<\/td>\n<td style=\"-webkit-tap-highlight-color: transparent; margin: 0px; padding: 10px; outline: 0px; vertical-align: middle; background: transparent; border: 1px solid #cccccc;\" width=\"462\">C\u1eeda c\u00e1nh ph\u1eb3ng, c\u1eeda g\u1ed7, c\u1eeda kim lo\u1ea1i (c\u1eeda ph\u00f2ng k\u1ef9 thu\u1eadt, c\u00e1c ph\u00f2ng ch\u1ee9c n\u0103ng \u0111\u00f3ng m\u1edf th\u01b0\u1eddng xuy\u00ean)<\/td>\n<\/tr>\n<tr style=\"-webkit-tap-highlight-color: transparent; margin: 0px; padding: 0px; outline: 0px; vertical-align: baseline; background: transparent;\">\n<td style=\"-webkit-tap-highlight-color: transparent; margin: 0px; padding: 10px; outline: 0px; vertical-align: middle; background: transparent; border: 1px solid #cccccc;\" width=\"181\">H\u00e3ng s\u1ea3n xu\u1ea5t<\/td>\n<td style=\"-webkit-tap-highlight-color: transparent; margin: 0px; padding: 10px; outline: 0px; vertical-align: middle; background: transparent; border: 1px solid #cccccc;\" width=\"462\">Lecmax<\/td>\n<\/tr>\n<\/tbody>\n<\/table>\n","protected":false},"excerpt":{"rendered":"<div class=\"sub-right-detial\">\n<p>Tag: Lecmax door lock<\/p>\n<p>Model: Lecmax L03<\/p>\n<p><span style=\"font-weight: bold;\">Manufactured in: <\/span>Lecmax Vietnam<\/p>\n<p><span style=\"font-weight: bold;\">Origin:<\/span> Vietnam<\/p>\n<p>Color:<\/p>\n<\/div>\n","protected":false},"featured_media":882,"comment_status":"closed","ping_status":"closed","template":"","meta":{"_acf_changed":false},"product_brand":[],"product_cat":[107],"product_tag":[],"class_list":{"0":"post-1074","1":"product","2":"type-product","3":"status-publish","4":"has-post-thumbnail","6":"product_cat-phu-kien-tieu-chuan-viet-nam","8":"first","9":"instock","10":"shipping-taxable","11":"product-type-simple"},"acf":[],"_links":{"self":[{"href":"https:\/\/pltcgroup.com\/vi\/wp-json\/wp\/v2\/product\/1074","targetHints":{"allow":["GET"]}}],"collection":[{"href":"https:\/\/pltcgroup.com\/vi\/wp-json\/wp\/v2\/product"}],"about":[{"href":"https:\/\/pltcgroup.com\/vi\/wp-json\/wp\/v2\/types\/product"}],"replies":[{"embeddable":true,"href":"https:\/\/pltcgroup.com\/vi\/wp-json\/wp\/v2\/comments?post=1074"}],"wp:featuredmedia":[{"embeddable":true,"href":"https:\/\/pltcgroup.com\/vi\/wp-json\/wp\/v2\/media\/882"}],"wp:attachment":[{"href":"https:\/\/pltcgroup.com\/vi\/wp-json\/wp\/v2\/media?parent=1074"}],"wp:term":[{"taxonomy":"product_brand","embeddable":true,"href":"https:\/\/pltcgroup.com\/vi\/wp-json\/wp\/v2\/product_brand?post=1074"},{"taxonomy":"product_cat","embeddable":true,"href":"https:\/\/pltcgroup.com\/vi\/wp-json\/wp\/v2\/product_cat?post=1074"},{"taxonomy":"product_tag","embeddable":true,"href":"https:\/\/pltcgroup.com\/vi\/wp-json\/wp\/v2\/product_tag?post=1074"}],"curies":[{"name":"wp","href":"https:\/\/api.w.org\/{rel}","templated":true}]}}