{"id":1096,"date":"2025-10-09T01:42:34","date_gmt":"2025-10-09T01:42:34","guid":{"rendered":"https:\/\/pltcgroup.com\/san-pham\/lecmax-tr2a10\/"},"modified":"2025-10-24T02:19:38","modified_gmt":"2025-10-24T02:19:38","slug":"lecmax-tr2a10","status":"publish","type":"product","link":"https:\/\/pltcgroup.com\/vi\/san-pham\/lecmax-tr2a10\/","title":{"rendered":"LECMAX &#8211; TR2A10"},"content":{"rendered":"<div class=\"content-des-detail load-text\">\n<p><strong>Xem th\u00eam:<\/strong><\/p>\n<p>C\u1eeda tr\u01b0\u1ee3t t\u1ef1 \u0111\u1ed9ng LECMAX &#8211; TR2A10 ph\u00f9 h\u1ee3p cho c\u00e1c l\u1ed1i \u0111i l\u1edbn ho\u1eb7c khu v\u1ef1c c\u00f3 l\u01b0u l\u01b0\u1ee3ng ng\u01b0\u1eddi qua l\u1ea1i cao nh\u01b0 h\u00e0nh lang b\u1ec7nh vi\u1ec7n, ph\u00f2ng X-quang ho\u1eb7c khu v\u1ef1c h\u00e0ng h\u00f3a. V\u1edbi thi\u1ebft k\u1ebf 2 c\u00e1nh tr\u01b0\u1ee3t m\u1edf \u0111\u1ec1u v\u1ec1 hai b\u00ean, c\u1eeda \u0111\u1ea3m b\u1ea3o l\u01b0u th\u00f4ng m\u01b0\u1ee3t m\u00e0 v\u00e0 hi\u1ec7u qu\u1ea3. H\u1ec7 th\u1ed1ng c\u1ea3m bi\u1ebfn th\u00f4ng minh k\u1ebft h\u1ee3p v\u1edbi \u0111\u1ed9ng c\u01a1 \u0111i\u1ec7n gi\u00fap c\u1eeda ho\u1ea1t \u0111\u1ed9ng t\u1ef1 \u0111\u1ed9ng khi ph\u00e1t hi\u1ec7n chuy\u1ec3n \u0111\u1ed9ng, mang l\u1ea1i s\u1ef1 ti\u1ec7n l\u1ee3i t\u1ed1i \u0111a. T\u01b0\u01a1ng t\u1ef1 nh\u01b0 c\u1eeda tr\u01b0\u1ee3t t\u1ef1 \u0111\u1ed9ng 1 c\u00e1nh, c\u1eeda t\u1ef1 \u0111\u1ed9ng 2 c\u00e1nh c\u0169ng c\u00f3 th\u1ec3 \u0111\u01b0\u1ee3c thi\u1ebft k\u1ebf tr\u01b0\u1ee3t v\u00e0o t\u01b0\u1eddng \u0111\u1ec3 ti\u1ebft ki\u1ec7m kh\u00f4ng gian v\u00e0 t\u0103ng t\u00ednh th\u1ea9m m\u1ef9 cho c\u00f4ng tr\u00ecnh.<\/p>\n<ul>\n<li>Ti\u00eau chu\u1ea9n th\u1eed nghi\u1ec7m: TCVN 9383:2012 t\u01b0\u01a1ng \u0111\u01b0\u01a1ng ti\u00eau chu\u1ea9n BS EN 1634-1.<\/li>\n<li>Ti\u00eau chu\u1ea9n \u0111\u00e1nh gi\u00e1 m\u1edf r\u1ed9ng: BS EN 15269-7.<\/li>\n<\/ul>\n<h3 style=\"text-align: center;\">Th\u00f4ng s\u1ed1 k\u1ef9 thu\u1eadt c\u1eeda tr\u01b0\u1ee3t t\u1ef1 \u0111\u1ed9ng LECMAX &#8211; TR2A10<\/h3>\n<p><img decoding=\"async\" src=\"https:\/\/lecmax.com\/pictures\/catalog\/thongso\/lecmax-tr2a10.jpg\" alt=\"Th\u00f4ng s\u1ed1 k\u1ef9 thu\u1eadt c\u1eeda th\u00e9p ch\u1ed1ng ch\u00e1y tr\u01b0\u1ee3t lm-tr2a10\" title=\"\"><\/p>\n<\/div>\n","protected":false},"excerpt":{"rendered":"<div class=\"sub-right-detial\">\n<p><span style=\"font-weight: bold;\">Tag:<\/span> C\u1eeda th\u00e9p ch\u1ed1ng ch\u00e1y m\u1edf tr\u01b0\u1ee3t<\/p>\n<p><span style=\"font-weight: bold;\">Model:<\/span> LECMAX &#8211; TR2A10<\/p>\n<p><span style=\"font-weight: bold;\">S\u1ea3n xu\u1ea5t:<\/span> Lecmax Vi\u1ec7t Nam<\/p>\n<p><span style=\"font-weight: bold;\">Xu\u1ea5t x\u1ee9:<\/span> Vi\u1ec7t Nam<\/p>\n<p><strong>M\u00e0u s\u1eafc:<\/strong><\/p>\n<\/div>\n","protected":false},"featured_media":872,"comment_status":"closed","ping_status":"closed","template":"","meta":{"_acf_changed":false},"product_brand":[],"product_cat":[121],"product_tag":[],"class_list":{"0":"post-1096","1":"product","2":"type-product","3":"status-publish","4":"has-post-thumbnail","6":"product_cat-cua-thep-truot","8":"first","9":"instock","10":"shipping-taxable","11":"product-type-simple"},"acf":[],"_links":{"self":[{"href":"https:\/\/pltcgroup.com\/vi\/wp-json\/wp\/v2\/product\/1096","targetHints":{"allow":["GET"]}}],"collection":[{"href":"https:\/\/pltcgroup.com\/vi\/wp-json\/wp\/v2\/product"}],"about":[{"href":"https:\/\/pltcgroup.com\/vi\/wp-json\/wp\/v2\/types\/product"}],"replies":[{"embeddable":true,"href":"https:\/\/pltcgroup.com\/vi\/wp-json\/wp\/v2\/comments?post=1096"}],"wp:featuredmedia":[{"embeddable":true,"href":"https:\/\/pltcgroup.com\/vi\/wp-json\/wp\/v2\/media\/872"}],"wp:attachment":[{"href":"https:\/\/pltcgroup.com\/vi\/wp-json\/wp\/v2\/media?parent=1096"}],"wp:term":[{"taxonomy":"product_brand","embeddable":true,"href":"https:\/\/pltcgroup.com\/vi\/wp-json\/wp\/v2\/product_brand?post=1096"},{"taxonomy":"product_cat","embeddable":true,"href":"https:\/\/pltcgroup.com\/vi\/wp-json\/wp\/v2\/product_cat?post=1096"},{"taxonomy":"product_tag","embeddable":true,"href":"https:\/\/pltcgroup.com\/vi\/wp-json\/wp\/v2\/product_tag?post=1096"}],"curies":[{"name":"wp","href":"https:\/\/api.w.org\/{rel}","templated":true}]}}