{"id":1100,"date":"2025-10-09T01:40:23","date_gmt":"2025-10-09T01:40:23","guid":{"rendered":"https:\/\/pltcgroup.com\/san-pham\/lecmax-tr1a10\/"},"modified":"2025-10-09T01:40:23","modified_gmt":"2025-10-09T01:40:23","slug":"lecmax-tr1a10","status":"publish","type":"product","link":"https:\/\/pltcgroup.com\/vi\/san-pham\/lecmax-tr1a10\/","title":{"rendered":"LECMAX &#8211; TR1A10"},"content":{"rendered":"<div class=\"content-des-detail load-text\">\n<p><strong>Xem th\u00eam:<\/strong><\/p>\n<ul>\n<li>C\u1eadp nh\u1eadt c\u00e1c m\u1eabu c\u1eeda tr\u01b0\u1ee3t t\u1ef1 \u0111\u1ed9ng v\u1edbi b\u00e1o gi\u00e1 m\u1edbi nh\u1ea5t n\u0103m 2025<\/li>\n<li>B\u00e1o gi\u00e1 m\u1edbi nh\u1ea5t c\u1eeda th\u00e9p ch\u1ed1ng ch\u00e1y n\u0103m 2025<\/li>\n<\/ul>\n<p>C\u1eeda tr\u01b0\u1ee3t t\u1ef1 \u0111\u1ed9ng LECMAX &#8211; TR1A10 l\u00e0 gi\u1ea3i ph\u00e1p l\u00fd t\u01b0\u1edfng cho c\u00e1c khu v\u1ef1c c\u00f3 kh\u00f4ng gian h\u1ea1n ch\u1ebf, c\u1ea7n t\u1ed1i \u01b0u h\u00f3a kh\u00f4ng gian v\u00e0 \u0111\u1ea3m b\u1ea3o s\u1ef1 ti\u1ec7n l\u1ee3i trong di chuy\u1ec3n. Nh\u1edd c\u01a1 ch\u1ebf ray tr\u01b0\u1ee3t k\u1ebft h\u1ee3p v\u1edbi c\u1ea3m bi\u1ebfn chuy\u1ec3n \u0111\u1ed9ng v\u00e0 \u0111\u1ed9ng c\u01a1 \u0111i\u1ec7n, c\u1eeda c\u00f3 th\u1ec3 t\u1ef1 \u0111\u1ed9ng m\u1edf v\u00e0 \u0111\u00f3ng m\u00e0 kh\u00f4ng c\u1ea7n thao t\u00e1c th\u1ee7 c\u00f4ng. Lo\u1ea1i c\u1eeda t\u1ef1 \u0111\u1ed9ng n\u00e0y th\u01b0\u1eddng \u0111\u01b0\u1ee3c s\u1eed d\u1ee5ng trong c\u00e1c ph\u00f2ng b\u1ec7nh vi\u1ec7n v\u00e0 kho b\u00e3i, gi\u00fap t\u0103ng t\u00ednh th\u1ea9m m\u1ef9 v\u00e0 an to\u00e0n. \u0110\u1eb7c bi\u1ec7t, c\u1eeda c\u00f3 th\u1ec3 \u0111\u01b0\u1ee3c thi\u1ebft k\u1ebf tr\u01b0\u1ee3t v\u00e0o t\u01b0\u1eddng \u0111\u1ec3 mang l\u1ea1i v\u1ebb \u0111\u1eb9p hi\u1ec7n \u0111\u1ea1i, tinh t\u1ebf cho kh\u00f4ng gian.<\/p>\n<ul>\n<li>Ti\u00eau chu\u1ea9n ki\u1ec3m tra: TCVN 9383:2012 t\u01b0\u01a1ng \u0111\u01b0\u01a1ng v\u1edbi ti\u00eau chu\u1ea9n BS EN 1634-1.<\/li>\n<li>Ti\u00eau chu\u1ea9n \u0111\u00e1nh gi\u00e1 m\u1edf r\u1ed9ng: BS EN 15269-7.<\/li>\n<\/ul>\n<h3 style=\"text-align: center;\">Th\u00f4ng s\u1ed1 k\u1ef9 thu\u1eadt c\u1ee7a c\u1eeda tr\u01b0\u1ee3t t\u1ef1 \u0111\u1ed9ng LECMAX &#8211; TR1A10<\/h3>\n<p><img decoding=\"async\" src=\"https:\/\/lecmax.com\/pictures\/catalog\/thongso\/lecmax-tr1a10.jpg\" alt=\"Th\u00f4ng s\u1ed1 k\u1ef9 thu\u1eadt c\u1ee7a c\u1eeda th\u00e9p ch\u1ed1ng ch\u00e1y tr\u01b0\u1ee3t lm-tr1a10\" title=\"\"><\/p>\n<\/div>\n","protected":false},"excerpt":{"rendered":"<div class=\"sub-right-detial\">\n<p><span style=\"font-weight: bold;\">Lo\u1ea1i:<\/span> C\u1eeda tr\u01b0\u1ee3t t\u1ef1 \u0111\u1ed9ng ch\u1ed1ng ch\u00e1y 1 c\u00e1nh<\/p>\n<p><span style=\"font-weight: bold;\">M\u1eabu:<\/span> LECMAX &#8211; TR1A10<\/p>\n<p><span style=\"font-weight: bold;\">S\u1ea3n xu\u1ea5t b\u1edfi:<\/span> Lecmax Vi\u1ec7t Nam<\/p>\n<p><span style=\"font-weight: bold;\">Xu\u1ea5t x\u1ee9:<\/span> Vi\u1ec7t Nam<\/p>\n<p><strong>M\u00e0u s\u1eafc: X\u00e1m<\/strong><\/p>\n<\/div>\n","protected":false},"featured_media":869,"comment_status":"closed","ping_status":"closed","template":"","meta":{"_acf_changed":false},"product_brand":[],"product_cat":[121],"product_tag":[],"class_list":{"0":"post-1100","1":"product","2":"type-product","3":"status-publish","4":"has-post-thumbnail","6":"product_cat-cua-thep-truot","8":"first","9":"instock","10":"shipping-taxable","11":"product-type-simple"},"acf":[],"_links":{"self":[{"href":"https:\/\/pltcgroup.com\/vi\/wp-json\/wp\/v2\/product\/1100","targetHints":{"allow":["GET"]}}],"collection":[{"href":"https:\/\/pltcgroup.com\/vi\/wp-json\/wp\/v2\/product"}],"about":[{"href":"https:\/\/pltcgroup.com\/vi\/wp-json\/wp\/v2\/types\/product"}],"replies":[{"embeddable":true,"href":"https:\/\/pltcgroup.com\/vi\/wp-json\/wp\/v2\/comments?post=1100"}],"wp:featuredmedia":[{"embeddable":true,"href":"https:\/\/pltcgroup.com\/vi\/wp-json\/wp\/v2\/media\/869"}],"wp:attachment":[{"href":"https:\/\/pltcgroup.com\/vi\/wp-json\/wp\/v2\/media?parent=1100"}],"wp:term":[{"taxonomy":"product_brand","embeddable":true,"href":"https:\/\/pltcgroup.com\/vi\/wp-json\/wp\/v2\/product_brand?post=1100"},{"taxonomy":"product_cat","embeddable":true,"href":"https:\/\/pltcgroup.com\/vi\/wp-json\/wp\/v2\/product_cat?post=1100"},{"taxonomy":"product_tag","embeddable":true,"href":"https:\/\/pltcgroup.com\/vi\/wp-json\/wp\/v2\/product_tag?post=1100"}],"curies":[{"name":"wp","href":"https:\/\/api.w.org\/{rel}","templated":true}]}}