{"id":1112,"date":"2025-10-08T10:20:54","date_gmt":"2025-10-08T10:20:54","guid":{"rendered":"https:\/\/pltcgroup.com\/san-pham\/cua-cuon-chong-chay-lecmax-cx60\/"},"modified":"2025-10-08T10:20:54","modified_gmt":"2025-10-08T10:20:54","slug":"cua-cuon-chong-chay-lecmax-cx60","status":"publish","type":"product","link":"https:\/\/pltcgroup.com\/vi\/san-pham\/cua-cuon-chong-chay-lecmax-cx60\/","title":{"rendered":"C\u1eeda cu\u1ed1n ch\u1ed1ng ch\u00e1y LECMAX &#8211; CX60"},"content":{"rendered":"<div class=\"content-des-detail load-text\">\n<p><strong>Xem th\u00eam:<\/strong><\/p>\n<ul>\n<li><a href=\"https:\/\/www.lecmax.com\/vi\/tin-tuc\/tin-thi-truong\/cua-cuon-chong-chay-2024002.html\" target=\"_blank\" rel=\"noopener\"> C\u1eeda cu\u1ed1n ch\u1ed1ng ch\u00e1y \u0111\u00e3 \u0111\u01b0\u1ee3c ki\u1ec3m \u0111\u1ecbnh PCC 2025<\/a><\/li>\n<li><a href=\"https:\/\/www.lecmax.com\/vi\/tin-tuc\/tin-thi-truong\/cua-thep-chong-chay-20242409.html\" target=\"_blank\" rel=\"noopener\">B\u1ea3ng gi\u00e1 c\u1eeda th\u00e9p ch\u1ed1ng ch\u00e1y m\u1edbi nh\u1ea5t 2025<\/a><\/li>\n<\/ul>\n<p><a href=\"https:\/\/www.lecmax.com\/vi\/san-pham\/cua-cuon-chong-chay\/cua-cuon-chong-chay-cach-nhiet\/cua-cuon-chong-chay-lmcx60.html\" target=\"_blank\" rel=\"noopener\">C\u1eeda cu\u1ed1n ch\u1ed1ng ch\u00e1y c\u00e1ch nhi\u1ec7t<\/a> \u0111\u01b0\u1ee3c thi\u1ebft k\u1ebf v\u1edbi thanh lam d\u00e0y 60mm, m\u1ed7i thanh lam cao 397mm, g\u1ecdn g\u00e0ng g\u1eadp v\u00e0o h\u1ed9p k\u1ef9 thu\u1eadt khi v\u1eadn h\u00e0nh. K\u00edch th\u01b0\u1edbc th\u00f4ng th\u1ee7y c\u1ee7a b\u1ed9 c\u1eeda c\u00f3 th\u1ec3 l\u00ean \u0111\u1ebfn 7m chi\u1ec1u r\u1ed9ng, v\u1edbi di\u1ec7n t\u00edch l\u00ean \u0111\u1ebfn 36m2. C\u1eeda \u0111\u01b0\u1ee3c k\u1ebft n\u1ed1i v\u1edbi t\u00edn hi\u1ec7u \u0111\u00f3ng c\u1eeda v\u1edbi h\u1ec7 th\u1ed1ng ph\u00f2ng ch\u00e1y chung c\u1ee7a t\u00f2a nh\u00e0, \u0111\u1ea3m b\u1ea3o v\u1eadn h\u00e0nh tr\u01a1n tru, ch\u1ed1ng tr\u1ed9m v\u00e0 x\u00e2m nh\u1eadp hi\u1ec7u qu\u1ea3, c\u00f3 th\u1ec3 \u0111\u00f3ng m\u1edf nhi\u1ec1u l\u1ea7n v\u1edbi \u0111\u1ed9 \u1ed5n \u0111\u1ecbnh cao. Lo\u1ea1i c\u1eeda n\u00e0y ph\u00f9 h\u1ee3p cho c\u1eeda kho, l\u1ed1i \u0111i r\u1ed9ng, l\u1ed1i ra v\u00e0o t\u1ea7ng h\u1ea7m v\u00e0 c\u00e1c khu v\u1ef1c ch\u1eb7n h\u00e0nh lang tho\u00e1t hi\u1ec3m.<\/p>\n<ul>\n<li>Ti\u00eau chu\u1ea9n ki\u1ec3m tra: TCVN 9383:2012 t\u01b0\u01a1ng \u0111\u01b0\u01a1ng v\u1edbi ti\u00eau chu\u1ea9n BS EN 1634-1.<\/li>\n<li>Ti\u00eau chu\u1ea9n \u0111\u00e1nh gi\u00e1 m\u1edf r\u1ed9ng: BS EN 15269-10.<\/li>\n<\/ul>\n<h3 style=\"text-align: center;\">B\u1ea3ng th\u00f4ng s\u1ed1 k\u1ef9 thu\u1eadt c\u1ee7a c\u1eeda cu\u1ed1n ch\u1ed1ng ch\u00e1y LECMAX &#8211; CX60<\/h3>\n<p><img decoding=\"async\" src=\"https:\/\/www.lecmax.com\/pictures\/catalog\/thongso\/lecmax-cx60.jpg\" alt=\"Th\u00f4ng s\u1ed1 k\u1ef9 thu\u1eadt c\u1ee7a c\u1eeda cu\u1ed1n ch\u1ed1ng ch\u00e1y\" title=\"\"><\/p>\n<\/div>\n","protected":false},"excerpt":{"rendered":"<div class=\"sub-right-detial\">\n<p><span style=\"font-weight: bold;\">Nh\u00e3n:<\/span> C\u1eeda cu\u1ed1n ch\u1ed1ng ch\u00e1y kh\u00f4ng c\u00e1ch nhi\u1ec7t<\/p>\n<p><span style=\"font-weight: bold;\">Model:<\/span> LECMAX &#8211; CX60<\/p>\n<p><span style=\"font-weight: bold;\">S\u1ea3n xu\u1ea5t b\u1edfi:<\/span> Lecmax Vi\u1ec7t Nam<\/p>\n<p><span style=\"font-weight: bold;\">Xu\u1ea5t x\u1ee9:<\/span> Vi\u1ec7t Nam<\/p>\n<p><strong>M\u00e0u s\u1eafc: Tr\u1eafng<\/strong><\/p>\n<\/div>\n","protected":false},"featured_media":865,"comment_status":"closed","ping_status":"closed","template":"","meta":{"_acf_changed":false},"product_brand":[],"product_cat":[117],"product_tag":[],"class_list":{"0":"post-1112","1":"product","2":"type-product","3":"status-publish","4":"has-post-thumbnail","6":"product_cat-cua-cuon-chong-chay-va-cach-nhiet","8":"first","9":"instock","10":"shipping-taxable","11":"product-type-simple"},"acf":[],"_links":{"self":[{"href":"https:\/\/pltcgroup.com\/vi\/wp-json\/wp\/v2\/product\/1112","targetHints":{"allow":["GET"]}}],"collection":[{"href":"https:\/\/pltcgroup.com\/vi\/wp-json\/wp\/v2\/product"}],"about":[{"href":"https:\/\/pltcgroup.com\/vi\/wp-json\/wp\/v2\/types\/product"}],"replies":[{"embeddable":true,"href":"https:\/\/pltcgroup.com\/vi\/wp-json\/wp\/v2\/comments?post=1112"}],"wp:featuredmedia":[{"embeddable":true,"href":"https:\/\/pltcgroup.com\/vi\/wp-json\/wp\/v2\/media\/865"}],"wp:attachment":[{"href":"https:\/\/pltcgroup.com\/vi\/wp-json\/wp\/v2\/media?parent=1112"}],"wp:term":[{"taxonomy":"product_brand","embeddable":true,"href":"https:\/\/pltcgroup.com\/vi\/wp-json\/wp\/v2\/product_brand?post=1112"},{"taxonomy":"product_cat","embeddable":true,"href":"https:\/\/pltcgroup.com\/vi\/wp-json\/wp\/v2\/product_cat?post=1112"},{"taxonomy":"product_tag","embeddable":true,"href":"https:\/\/pltcgroup.com\/vi\/wp-json\/wp\/v2\/product_tag?post=1112"}],"curies":[{"name":"wp","href":"https:\/\/api.w.org\/{rel}","templated":true}]}}