{"id":1117,"date":"2025-10-08T10:17:35","date_gmt":"2025-10-08T10:17:35","guid":{"rendered":"https:\/\/pltcgroup.com\/san-pham\/cua-cuon-chong-chay-lecmax-sh1-2\/"},"modified":"2025-10-08T10:17:35","modified_gmt":"2025-10-08T10:17:35","slug":"cua-cuon-chong-chay-lecmax-sh1-2","status":"publish","type":"product","link":"https:\/\/pltcgroup.com\/vi\/san-pham\/cua-cuon-chong-chay-lecmax-sh1-2\/","title":{"rendered":"C\u1eeda cu\u1ed1n ch\u1ed1ng ch\u00e1y LECMAX &#8211; SH1.2"},"content":{"rendered":"<div class=\"content-des-detail load-text\">\n<p><strong>Xem th\u00eam:<\/strong><\/p>\n<ul>\n<li><a href=\"https:\/\/lecmax.com\/vi\/tin-tuc\/tin-thi-truong\/cua-cuon-chong-chay-2024002.html\" target=\"_blank\" rel=\"noopener\"> C\u1eeda cu\u1ed1n ch\u1ed1ng ch\u00e1y \u0111\u00e3 \u0111\u01b0\u1ee3c ki\u1ec3m tra PCC 2025<\/a><\/li>\n<li><a href=\"https:\/\/lecmax.com\/vi\/tin-tuc\/tin-thi-truong\/cua-thep-chong-chay-20242409.html\" target=\"_blank\" rel=\"noopener\">B\u1ea3ng gi\u00e1 c\u1eeda th\u00e9p ch\u1ed1ng ch\u00e1y m\u1edbi nh\u1ea5t 2025<\/a><\/li>\n<\/ul>\n<p><a href=\"https:\/\/lecmax.com\/vi\/san-pham\/cua-cuon-chong-chay\/cua-cuon-chong-chay-khong-cach-nhiet\/cua-cuon-chong-chay-lmsh12.html\" target=\"_blank\" rel=\"noopener\">C\u1eeda cu\u1ed1n ch\u1ed1ng ch\u00e1y kh\u00f4ng c\u00e1ch nhi\u1ec7t<\/a> \u0111\u01b0\u1ee3c thi\u1ebft k\u1ebf v\u1edbi l\u1edbp m\u00e0n th\u00e9p, k\u00edch th\u01b0\u1edbc c\u1eeda r\u1ed9ng 10m, di\u1ec7n t\u00edch 36m2. C\u1eeda cu\u1ed1n ch\u1ed1ng ch\u00e1y c\u00f3 gi\u1edbi h\u1ea1n ch\u1ecbu l\u1eeda l\u00ean \u0111\u1ebfn E120 ph\u00fat, v\u00e0 c\u00f3 kh\u1ea3 n\u0103ng k\u1ebft n\u1ed1i t\u00edn hi\u1ec7u m\u1edf v\u00e0 \u0111\u00f3ng c\u1eeda v\u1edbi h\u1ec7 th\u1ed1ng ph\u00f2ng ch\u00e1y ch\u1eefa ch\u00e1y chung c\u1ee7a t\u00f2a nh\u00e0. C\u1eeda ho\u1ea1t \u0111\u1ed9ng \u00eam \u00e1i, \u0111\u1ea3m b\u1ea3o \u0111\u1ed9 \u1ed5n \u0111\u1ecbnh cao v\u00e0 kh\u1ea3 n\u0103ng ch\u1ed1ng tr\u1ed9m hi\u1ec7u qu\u1ea3. Lo\u1ea1i c\u1eeda n\u00e0y ph\u00f9 h\u1ee3p cho c\u00e1c khu v\u1ef1c nh\u01b0 c\u1eeda kho, l\u1ed1i \u0111i r\u1ed9ng, l\u1ed1i v\u00e0o v\u00e0 ra t\u1ea7ng h\u1ea7m ho\u1eb7c h\u00e0nh lang tho\u00e1t hi\u1ec3m&#8230;<\/p>\n<ul>\n<li>Ti\u00eau chu\u1ea9n ki\u1ec3m tra: TCVN 9383:2012 t\u01b0\u01a1ng \u0111\u01b0\u01a1ng v\u1edbi ti\u00eau chu\u1ea9n BS EN 1634-1.<\/li>\n<li>Ti\u00eau chu\u1ea9n \u0111\u00e1nh gi\u00e1 m\u1edf r\u1ed9ng: BS EN 15269-10.<\/li>\n<\/ul>\n<h3 style=\"text-align: center;\">B\u1ea3ng th\u00f4ng s\u1ed1 k\u1ef9 thu\u1eadt c\u1ee7a c\u1eeda cu\u1ed1n ch\u1ed1ng ch\u00e1y LECMAX &#8211; SH1.2<\/h3>\n<p><img loading=\"lazy\" decoding=\"async\" class=\"size-full wp-image-862\" src=\"https:\/\/xaydung.imtawebsite.com\/wp-content\/uploads\/2025\/10\/lecmax-sh1-2-scaled.jpg\" alt=\"Lecmax Sh1 2\" width=\"2560\" height=\"1024\" title=\"\" srcset=\"https:\/\/pltcgroup.com\/wp-content\/uploads\/2025\/10\/lecmax-sh1-2-scaled.jpg 2560w, https:\/\/pltcgroup.com\/wp-content\/uploads\/2025\/10\/lecmax-sh1-2-650x260.jpg 650w, https:\/\/pltcgroup.com\/wp-content\/uploads\/2025\/10\/lecmax-sh1-2-1024x410.jpg 1024w, https:\/\/pltcgroup.com\/wp-content\/uploads\/2025\/10\/lecmax-sh1-2-768x307.jpg 768w, https:\/\/pltcgroup.com\/wp-content\/uploads\/2025\/10\/lecmax-sh1-2-1536x614.jpg 1536w, https:\/\/pltcgroup.com\/wp-content\/uploads\/2025\/10\/lecmax-sh1-2-2048x819.jpg 2048w, https:\/\/pltcgroup.com\/wp-content\/uploads\/2025\/10\/lecmax-sh1-2-600x240.jpg 600w\" sizes=\"auto, (max-width: 2560px) 100vw, 2560px\" \/><\/p>\n<\/div>\n","protected":false},"excerpt":{"rendered":"<div class=\"sub-right-detial\">\n<p><span style=\"font-weight: bold;\">Th\u1ebb:<\/span> C\u1eeda cu\u1ed1n ch\u1ed1ng ch\u00e1y kh\u00f4ng c\u00e1ch nhi\u1ec7t<\/p>\n<p><span style=\"font-weight: bold;\">M\u1eabu:<\/span> LECMAX &#8211; SH1.2<\/p>\n<p><span style=\"font-weight: bold;\">Nh\u00e0 s\u1ea3n xu\u1ea5t:<\/span> Lecmax Vi\u1ec7t Nam<\/p>\n<p><span style=\"font-weight: bold;\">Xu\u1ea5t x\u1ee9:<\/span> Vi\u1ec7t Nam<\/p>\n<p><strong>M\u00e0u s\u1eafc: Tr\u1eafng<\/strong><\/p>\n<\/div>\n","protected":false},"featured_media":860,"comment_status":"closed","ping_status":"closed","template":"","meta":{"_acf_changed":false},"product_brand":[],"product_cat":[118],"product_tag":[],"class_list":{"0":"post-1117","1":"product","2":"type-product","3":"status-publish","4":"has-post-thumbnail","6":"product_cat-cua-cuon-chong-chay-khong-cach-nhiet","8":"first","9":"instock","10":"shipping-taxable","11":"product-type-simple"},"acf":[],"_links":{"self":[{"href":"https:\/\/pltcgroup.com\/vi\/wp-json\/wp\/v2\/product\/1117","targetHints":{"allow":["GET"]}}],"collection":[{"href":"https:\/\/pltcgroup.com\/vi\/wp-json\/wp\/v2\/product"}],"about":[{"href":"https:\/\/pltcgroup.com\/vi\/wp-json\/wp\/v2\/types\/product"}],"replies":[{"embeddable":true,"href":"https:\/\/pltcgroup.com\/vi\/wp-json\/wp\/v2\/comments?post=1117"}],"wp:featuredmedia":[{"embeddable":true,"href":"https:\/\/pltcgroup.com\/vi\/wp-json\/wp\/v2\/media\/860"}],"wp:attachment":[{"href":"https:\/\/pltcgroup.com\/vi\/wp-json\/wp\/v2\/media?parent=1117"}],"wp:term":[{"taxonomy":"product_brand","embeddable":true,"href":"https:\/\/pltcgroup.com\/vi\/wp-json\/wp\/v2\/product_brand?post=1117"},{"taxonomy":"product_cat","embeddable":true,"href":"https:\/\/pltcgroup.com\/vi\/wp-json\/wp\/v2\/product_cat?post=1117"},{"taxonomy":"product_tag","embeddable":true,"href":"https:\/\/pltcgroup.com\/vi\/wp-json\/wp\/v2\/product_tag?post=1117"}],"curies":[{"name":"wp","href":"https:\/\/api.w.org\/{rel}","templated":true}]}}