{"id":1123,"date":"2025-09-23T09:41:35","date_gmt":"2025-09-23T09:41:35","guid":{"rendered":"https:\/\/pltcgroup.com\/san-pham\/cua-thep-chong-chay-mo-hai-chieu-a2s10\/"},"modified":"2025-10-24T02:23:14","modified_gmt":"2025-10-24T02:23:14","slug":"cua-thep-chong-chay-mo-hai-chieu-a2s10","status":"publish","type":"product","link":"https:\/\/pltcgroup.com\/vi\/san-pham\/cua-thep-chong-chay-mo-hai-chieu-a2s10\/","title":{"rendered":"C\u1eeda th\u00e9p ch\u1ed1ng ch\u00e1y m\u1edf hai chi\u1ec1u A2S10"},"content":{"rendered":"<p><b>Xem th\u00eam:<\/b><\/p>\n<ul>\n<li><b>B\u1ea3ng gi\u00e1 c\u1eeda th\u00e9p ch\u1ed1ng ch\u00e1y m\u1edbi nh\u1ea5t 2025<\/b><\/li>\n<\/ul>\n<p>C\u1eeda th\u00e9p ch\u1ed1ng ch\u00e1y m\u1edf hai chi\u1ec1u <b>LECMAX &#8211; A2S10<\/b> l\u00e0 l\u1ef1a ch\u1ecdn t\u1ed1t nh\u1ea5t cho c\u00e1c khu v\u1ef1c c\u1ea7n l\u1ed1i \u0111i r\u1ed9ng, nh\u01b0 h\u00e0nh lang tho\u00e1t hi\u1ec3m l\u1edbn ho\u1eb7c l\u1ed1i v\u00e0o trong c\u00e1c t\u00f2a nh\u00e0 c\u00f4ng c\u1ed9ng. \u0110\u01b0\u1ee3c thi\u1ebft k\u1ebf v\u1edbi hai c\u00e1nh c\u1eeda m\u1edf linh ho\u1ea1t theo c\u1ea3 hai h\u01b0\u1edbng, c\u1eeda cho ph\u00e9p l\u01b0u th\u00f4ng d\u1ec5 d\u00e0ng v\u00e0 thu\u1eadn ti\u1ec7n. H\u1ec7 th\u1ed1ng b\u1ea3n l\u1ec1 s\u00e0n t\u1ef1 \u0111\u00f3ng \u0111\u1ea3m b\u1ea3o c\u1eeda lu\u00f4n \u0111\u00f3ng an to\u00e0n khi kh\u00f4ng s\u1eed d\u1ee5ng, ng\u0103n ch\u1eb7n hi\u1ec7u qu\u1ea3 s\u1ef1 lan truy\u1ec1n c\u1ee7a l\u1eeda v\u00e0 kh\u00f3i.<\/p>\n<ul>\n<li><b>Ti\u00eau chu\u1ea9n th\u1eed nghi\u1ec7m:<\/b> TCVN 9383:2012, t\u01b0\u01a1ng \u0111\u01b0\u01a1ng v\u1edbi ti\u00eau chu\u1ea9n BS EN 1634-1.<\/li>\n<li><b>Ti\u00eau chu\u1ea9n \u0111\u00e1nh gi\u00e1 m\u1edf r\u1ed9ng:<\/b> BS EN 15269-2.<\/li>\n<\/ul>\n<h3 style=\"text-align: center;\"><b>B\u1ea3ng th\u00f4ng s\u1ed1 k\u1ef9 thu\u1eadt c\u1eeda th\u00e9p ch\u1ed1ng ch\u00e1y m\u1edf hai chi\u1ec1u LECMAX-A2S10<\/b><\/h3>\n<figure id=\"attachment_512\" aria-describedby=\"caption-attachment-512\" style=\"width: 2560px\" class=\"wp-caption alignnone\"><img loading=\"lazy\" decoding=\"async\" class=\"size-full wp-image-512\" src=\"https:\/\/xaydung.imtawebsite.com\/wp-content\/uploads\/2025\/09\/lecmax-a2s10-scaled.jpg\" alt=\"Lecmax A2s10\" width=\"2560\" height=\"525\" title=\"\" srcset=\"https:\/\/pltcgroup.com\/wp-content\/uploads\/2025\/09\/lecmax-a2s10-scaled.jpg 2560w, https:\/\/pltcgroup.com\/wp-content\/uploads\/2025\/09\/lecmax-a2s10-300x62.jpg 300w, https:\/\/pltcgroup.com\/wp-content\/uploads\/2025\/09\/lecmax-a2s10-1024x210.jpg 1024w, https:\/\/pltcgroup.com\/wp-content\/uploads\/2025\/09\/lecmax-a2s10-768x157.jpg 768w, https:\/\/pltcgroup.com\/wp-content\/uploads\/2025\/09\/lecmax-a2s10-1536x315.jpg 1536w, https:\/\/pltcgroup.com\/wp-content\/uploads\/2025\/09\/lecmax-a2s10-2048x420.jpg 2048w, https:\/\/pltcgroup.com\/wp-content\/uploads\/2025\/09\/lecmax-a2s10-600x123.jpg 600w\" sizes=\"auto, (max-width: 2560px) 100vw, 2560px\" \/><figcaption id=\"caption-attachment-512\" class=\"wp-caption-text\">Lecmax A2s10<\/figcaption><\/figure>\n","protected":false},"excerpt":{"rendered":"<ul>\n<li>Lo\u1ea1i: C\u1eeda th\u00e9p ch\u1ed1ng ch\u00e1y m\u1edf hai chi\u1ec1u<\/li>\n<li>M\u1eabu: LECMAX &#8211; A2S10<\/li>\n<li>S\u1ea3n xu\u1ea5t b\u1edfi: lecmax Vietnam<\/li>\n<li>Xu\u1ea5t x\u1ee9: Vi\u1ec7t Nam<\/li>\n<li>M\u00e0u s\u1eafc: X\u00e1m<\/li>\n<\/ul>\n","protected":false},"featured_media":511,"comment_status":"closed","ping_status":"closed","template":"","meta":{"_acf_changed":false},"product_brand":[],"product_cat":[110],"product_tag":[],"class_list":{"0":"post-1123","1":"product","2":"type-product","3":"status-publish","4":"has-post-thumbnail","6":"product_cat-cua-thep-chong-chay-mo-2-chieu","8":"first","9":"instock","10":"shipping-taxable","11":"product-type-simple"},"acf":[],"_links":{"self":[{"href":"https:\/\/pltcgroup.com\/vi\/wp-json\/wp\/v2\/product\/1123","targetHints":{"allow":["GET"]}}],"collection":[{"href":"https:\/\/pltcgroup.com\/vi\/wp-json\/wp\/v2\/product"}],"about":[{"href":"https:\/\/pltcgroup.com\/vi\/wp-json\/wp\/v2\/types\/product"}],"replies":[{"embeddable":true,"href":"https:\/\/pltcgroup.com\/vi\/wp-json\/wp\/v2\/comments?post=1123"}],"wp:featuredmedia":[{"embeddable":true,"href":"https:\/\/pltcgroup.com\/vi\/wp-json\/wp\/v2\/media\/511"}],"wp:attachment":[{"href":"https:\/\/pltcgroup.com\/vi\/wp-json\/wp\/v2\/media?parent=1123"}],"wp:term":[{"taxonomy":"product_brand","embeddable":true,"href":"https:\/\/pltcgroup.com\/vi\/wp-json\/wp\/v2\/product_brand?post=1123"},{"taxonomy":"product_cat","embeddable":true,"href":"https:\/\/pltcgroup.com\/vi\/wp-json\/wp\/v2\/product_cat?post=1123"},{"taxonomy":"product_tag","embeddable":true,"href":"https:\/\/pltcgroup.com\/vi\/wp-json\/wp\/v2\/product_tag?post=1123"}],"curies":[{"name":"wp","href":"https:\/\/api.w.org\/{rel}","templated":true}]}}