{"id":1129,"date":"2025-09-23T09:26:38","date_gmt":"2025-09-23T09:26:38","guid":{"rendered":"https:\/\/pltcgroup.com\/san-pham\/cua-thep-chong-chay-mo-hai-chieu-a1s10\/"},"modified":"2025-09-23T09:26:38","modified_gmt":"2025-09-23T09:26:38","slug":"cua-thep-chong-chay-mo-hai-chieu-a1s10","status":"publish","type":"product","link":"https:\/\/pltcgroup.com\/vi\/san-pham\/cua-thep-chong-chay-mo-hai-chieu-a1s10\/","title":{"rendered":"C\u1eeda th\u00e9p ch\u1ed1ng ch\u00e1y, m\u1edf hai chi\u1ec1u A1S10"},"content":{"rendered":"<p><b>Xem th\u00eam:<\/b><\/p>\n<p><b>B\u1ea3ng gi\u00e1 c\u1eeda th\u00e9p ch\u1ed1ng ch\u00e1y m\u1edbi nh\u1ea5t 2025<\/b><\/p>\n<p>C\u1eeda th\u00e9p ch\u1ed1ng ch\u00e1y m\u1ed9t c\u00e1nh LECMAX &#8211; A1S10 l\u00e0 lo\u1ea1i c\u1eeda \u0111\u01b0\u1ee3c thi\u1ebft k\u1ebf \u0111\u1ec3 m\u1edf linh ho\u1ea1t theo hai chi\u1ec1u. Ph\u00f9 h\u1ee3p cho l\u1ed1i \u0111i hai chi\u1ec1u ho\u1eb7c h\u00e0nh lang tho\u00e1t hi\u1ec3m c\u00f3 l\u01b0u l\u01b0\u1ee3ng ng\u01b0\u1eddi qua l\u1ea1i v\u1eeba ph\u1ea3i. C\u1eeda s\u1eed d\u1ee5ng b\u1ea3n l\u1ec1 s\u00e0n t\u1ef1 \u0111\u00f3ng, gi\u00fap c\u1eeda lu\u00f4n \u0111\u00f3ng k\u00edn khi kh\u00f4ng s\u1eed d\u1ee5ng. \u0110i\u1ec1u n\u00e0y ng\u0103n ch\u1eb7n l\u1eeda v\u00e0 kh\u00f3i lan sang c\u00e1c khu v\u1ef1c kh\u00e1c trong tr\u01b0\u1eddng h\u1ee3p x\u1ea3y ra s\u1ef1 c\u1ed1.<\/p>\n<ul>\n<li><b>Ti\u00eau chu\u1ea9n th\u1eed nghi\u1ec7m:<\/b> TCVN 9383:2012, t\u01b0\u01a1ng \u0111\u01b0\u01a1ng v\u1edbi ti\u00eau chu\u1ea9n BS EN 1634-1.<\/li>\n<li><b>Ti\u00eau chu\u1ea9n \u0111\u00e1nh gi\u00e1 m\u1edf r\u1ed9ng:<\/b> BS EN 15269-2.<\/li>\n<\/ul>\n<h3 style=\"text-align: center;\"><b>B\u1ea3ng th\u00f4ng s\u1ed1 k\u1ef9 thu\u1eadt c\u1eeda th\u00e9p ch\u1ed1ng ch\u00e1y m\u1edf hai chi\u1ec1u LECMAX-A1S10<\/b><\/h3>\n<p><img loading=\"lazy\" decoding=\"async\" class=\"size-full wp-image-508\" src=\"https:\/\/xaydung.imtawebsite.com\/wp-content\/uploads\/2025\/09\/lecmax-a1s10-scaled.jpg\" alt=\"Lecmax A1s10\" width=\"2560\" height=\"525\" title=\"\" srcset=\"https:\/\/pltcgroup.com\/wp-content\/uploads\/2025\/09\/lecmax-a1s10-scaled.jpg 2560w, https:\/\/pltcgroup.com\/wp-content\/uploads\/2025\/09\/lecmax-a1s10-300x62.jpg 300w, https:\/\/pltcgroup.com\/wp-content\/uploads\/2025\/09\/lecmax-a1s10-1024x210.jpg 1024w, https:\/\/pltcgroup.com\/wp-content\/uploads\/2025\/09\/lecmax-a1s10-768x157.jpg 768w, https:\/\/pltcgroup.com\/wp-content\/uploads\/2025\/09\/lecmax-a1s10-1536x315.jpg 1536w, https:\/\/pltcgroup.com\/wp-content\/uploads\/2025\/09\/lecmax-a1s10-2048x420.jpg 2048w, https:\/\/pltcgroup.com\/wp-content\/uploads\/2025\/09\/lecmax-a1s10-600x123.jpg 600w\" sizes=\"auto, (max-width: 2560px) 100vw, 2560px\" \/><\/p>\n<p>&nbsp;<\/p>\n","protected":false},"excerpt":{"rendered":"<ul>\n<li><b>Lo\u1ea1i:<\/b> C\u1eeda th\u00e9p ch\u1ed1ng ch\u00e1y m\u1edf hai chi\u1ec1u<\/li>\n<li><b>Model:<\/b> LECMAX &#8211; A1S10<\/li>\n<li><b>S\u1ea3n xu\u1ea5t b\u1edfi:<\/b> lecmax Vietnam<\/li>\n<li>Vietnam<\/li>\n<li><b>M\u00e0u s\u1eafc:<\/b> X\u00e1m<\/li>\n<\/ul>\n","protected":false},"featured_media":507,"comment_status":"closed","ping_status":"closed","template":"","meta":{"_acf_changed":false},"product_brand":[],"product_cat":[110],"product_tag":[],"class_list":{"0":"post-1129","1":"product","2":"type-product","3":"status-publish","4":"has-post-thumbnail","6":"product_cat-cua-thep-chong-chay-mo-2-chieu","8":"first","9":"instock","10":"shipping-taxable","11":"product-type-simple"},"acf":[],"_links":{"self":[{"href":"https:\/\/pltcgroup.com\/vi\/wp-json\/wp\/v2\/product\/1129","targetHints":{"allow":["GET"]}}],"collection":[{"href":"https:\/\/pltcgroup.com\/vi\/wp-json\/wp\/v2\/product"}],"about":[{"href":"https:\/\/pltcgroup.com\/vi\/wp-json\/wp\/v2\/types\/product"}],"replies":[{"embeddable":true,"href":"https:\/\/pltcgroup.com\/vi\/wp-json\/wp\/v2\/comments?post=1129"}],"wp:featuredmedia":[{"embeddable":true,"href":"https:\/\/pltcgroup.com\/vi\/wp-json\/wp\/v2\/media\/507"}],"wp:attachment":[{"href":"https:\/\/pltcgroup.com\/vi\/wp-json\/wp\/v2\/media?parent=1129"}],"wp:term":[{"taxonomy":"product_brand","embeddable":true,"href":"https:\/\/pltcgroup.com\/vi\/wp-json\/wp\/v2\/product_brand?post=1129"},{"taxonomy":"product_cat","embeddable":true,"href":"https:\/\/pltcgroup.com\/vi\/wp-json\/wp\/v2\/product_cat?post=1129"},{"taxonomy":"product_tag","embeddable":true,"href":"https:\/\/pltcgroup.com\/vi\/wp-json\/wp\/v2\/product_tag?post=1129"}],"curies":[{"name":"wp","href":"https:\/\/api.w.org\/{rel}","templated":true}]}}