{"id":1140,"date":"2025-09-23T08:27:37","date_gmt":"2025-09-23T08:27:37","guid":{"rendered":"https:\/\/pltcgroup.com\/san-pham\/cua-thep-chong-chay-mo-mot-chieu-a2b10\/"},"modified":"2025-10-24T02:44:12","modified_gmt":"2025-10-24T02:44:12","slug":"cua-thep-chong-chay-mo-mot-chieu-a2b10","status":"publish","type":"product","link":"https:\/\/pltcgroup.com\/vi\/san-pham\/cua-thep-chong-chay-mo-mot-chieu-a2b10\/","title":{"rendered":"C\u1eeda th\u00e9p ch\u1ed1ng ch\u00e1y, m\u1edf m\u1ed9t chi\u1ec1u A2B10"},"content":{"rendered":"<p><b>Xem th\u00eam:<\/b><\/p>\n<ul>\n<li><b>B\u1ea3ng gi\u00e1 c\u1eeda th\u00e9p ch\u1ed1ng ch\u00e1y m\u1edbi nh\u1ea5t 2025<\/b><\/li>\n<\/ul>\n<p>C\u1eeda th\u00e9p ch\u1ed1ng ch\u00e1y hai c\u00e1nh LECMAX &#8211; A2B10 l\u00e0 gi\u1ea3i ph\u00e1p t\u1ed1i \u01b0u cho c\u00e1c l\u1ed1i tho\u00e1t hi\u1ec3m l\u1edbn v\u00e0 khu v\u1ef1c c\u00f3 l\u01b0u l\u01b0\u1ee3ng ng\u01b0\u1eddi qua l\u1ea1i cao nh\u01b0 t\u1ea7ng h\u1ea7m, h\u1ed9i tr\u01b0\u1eddng ho\u1eb7c trung t\u00e2m th\u01b0\u01a1ng m\u1ea1i. V\u1edbi thanh \u0111\u1ea9y kh\u1ea9n c\u1ea5p, c\u1eeda cho ph\u00e9p ng\u01b0\u1eddi b\u00ean trong tho\u00e1t ra nhanh ch\u00f3ng ch\u1ec9 v\u1edbi m\u1ed9t c\u00fa \u0111\u1ea9y nh\u1eb9. C\u01a1 ch\u1ebf \u0111\u00f3ng c\u1eeda t\u1ef1 \u0111\u1ed9ng \u0111\u1ea3m b\u1ea3o c\u1eeda lu\u00f4n \u0111\u00f3ng l\u1ea1i khi kh\u00f4ng s\u1eed d\u1ee5ng, ng\u0103n ch\u1eb7n hi\u1ec7u qu\u1ea3 s\u1ef1 lan truy\u1ec1n kh\u00f3i v\u00e0 l\u1eeda sang c\u00e1c khu v\u1ef1c kh\u00e1c. Nh\u1edd thi\u1ebft k\u1ebf th\u00f4ng minh n\u00e0y, c\u1eeda ch\u1ed1ng ch\u00e1y LECMAX &#8211; A2B10 g\u00f3p ph\u1ea7n s\u01a1 t\u00e1n k\u1ecbp th\u1eddi v\u00e0 gi\u1ea3m thi\u1ec3u r\u1ee7i ro cho ng\u01b0\u1eddi s\u1eed d\u1ee5ng trong c\u00e1c t\u00ecnh hu\u1ed1ng kh\u1ea9n c\u1ea5p.<\/p>\n<ul>\n<li><b>Ti\u00eau chu\u1ea9n th\u1eed nghi\u1ec7m:<\/b> TCVN 9383:2012, t\u01b0\u01a1ng \u0111\u01b0\u01a1ng v\u1edbi ti\u00eau chu\u1ea9n BS EN 1634-1.<\/li>\n<li><b>Ti\u00eau chu\u1ea9n \u0111\u00e1nh gi\u00e1 m\u1edf r\u1ed9ng:<\/b> BS EN 15269-2.<\/li>\n<\/ul>\n<hr>\n<p>&nbsp;<\/p>\n<h3 style=\"text-align: center;\">B\u1ea3ng th\u00f4ng s\u1ed1 k\u1ef9 thu\u1eadt cho c\u1eeda th\u00e9p ch\u1ed1ng ch\u00e1y m\u1edf m\u1ed9t chi\u1ec1u LECMAX-A2B10<\/h3>\n<figure id=\"attachment_479\" aria-describedby=\"caption-attachment-479\" style=\"width: 2560px\" class=\"wp-caption alignnone\"><img loading=\"lazy\" decoding=\"async\" class=\"size-full wp-image-479\" src=\"https:\/\/xaydung.imtawebsite.com\/wp-content\/uploads\/2025\/09\/lecmax-a2b10-scaled.jpg\" alt=\"Lecmax A2b10\" width=\"2560\" height=\"683\" title=\"\" srcset=\"https:\/\/pltcgroup.com\/wp-content\/uploads\/2025\/09\/lecmax-a2b10-scaled.jpg 2560w, https:\/\/pltcgroup.com\/wp-content\/uploads\/2025\/09\/lecmax-a2b10-scaled-600x160.jpg 600w, https:\/\/pltcgroup.com\/wp-content\/uploads\/2025\/09\/lecmax-a2b10-300x80.jpg 300w, https:\/\/pltcgroup.com\/wp-content\/uploads\/2025\/09\/lecmax-a2b10-1024x273.jpg 1024w, https:\/\/pltcgroup.com\/wp-content\/uploads\/2025\/09\/lecmax-a2b10-768x205.jpg 768w, https:\/\/pltcgroup.com\/wp-content\/uploads\/2025\/09\/lecmax-a2b10-1536x410.jpg 1536w, https:\/\/pltcgroup.com\/wp-content\/uploads\/2025\/09\/lecmax-a2b10-2048x546.jpg 2048w\" sizes=\"auto, (max-width: 2560px) 100vw, 2560px\" \/><figcaption id=\"caption-attachment-479\" class=\"wp-caption-text\">Lecmax A2b10<\/figcaption><\/figure>\n","protected":false},"excerpt":{"rendered":"<ul>\n<li>Lo\u1ea1i: C\u1eeda th\u00e9p ch\u1ed1ng ch\u00e1y m\u1edf m\u1ed9t chi\u1ec1u<\/li>\n<li>M\u1eabu: LECMAX &#8211; A2B10<\/li>\n<li>S\u1ea3n xu\u1ea5t b\u1edfi: lecmax Vietnam<\/li>\n<li>Xu\u1ea5t x\u1ee9: Vi\u1ec7t Nam<\/li>\n<li>M\u00e0u s\u1eafc: \u0110\u1ecf<\/li>\n<\/ul>\n","protected":false},"featured_media":478,"comment_status":"closed","ping_status":"closed","template":"","meta":{"_acf_changed":false},"product_brand":[],"product_cat":[109],"product_tag":[],"class_list":{"0":"post-1140","1":"product","2":"type-product","3":"status-publish","4":"has-post-thumbnail","6":"product_cat-cua-thep-chong-chay-mo-1-chieu","8":"first","9":"instock","10":"shipping-taxable","11":"product-type-simple"},"acf":[],"_links":{"self":[{"href":"https:\/\/pltcgroup.com\/vi\/wp-json\/wp\/v2\/product\/1140","targetHints":{"allow":["GET"]}}],"collection":[{"href":"https:\/\/pltcgroup.com\/vi\/wp-json\/wp\/v2\/product"}],"about":[{"href":"https:\/\/pltcgroup.com\/vi\/wp-json\/wp\/v2\/types\/product"}],"replies":[{"embeddable":true,"href":"https:\/\/pltcgroup.com\/vi\/wp-json\/wp\/v2\/comments?post=1140"}],"wp:featuredmedia":[{"embeddable":true,"href":"https:\/\/pltcgroup.com\/vi\/wp-json\/wp\/v2\/media\/478"}],"wp:attachment":[{"href":"https:\/\/pltcgroup.com\/vi\/wp-json\/wp\/v2\/media?parent=1140"}],"wp:term":[{"taxonomy":"product_brand","embeddable":true,"href":"https:\/\/pltcgroup.com\/vi\/wp-json\/wp\/v2\/product_brand?post=1140"},{"taxonomy":"product_cat","embeddable":true,"href":"https:\/\/pltcgroup.com\/vi\/wp-json\/wp\/v2\/product_cat?post=1140"},{"taxonomy":"product_tag","embeddable":true,"href":"https:\/\/pltcgroup.com\/vi\/wp-json\/wp\/v2\/product_tag?post=1140"}],"curies":[{"name":"wp","href":"https:\/\/api.w.org\/{rel}","templated":true}]}}