{"id":1147,"date":"2025-09-23T08:04:44","date_gmt":"2025-09-23T08:04:44","guid":{"rendered":"https:\/\/pltcgroup.com\/san-pham\/cua-thep-chong-chay-mo-mot-chieu-a2a10\/"},"modified":"2025-09-23T08:04:44","modified_gmt":"2025-09-23T08:04:44","slug":"cua-thep-chong-chay-mo-mot-chieu-a2a10","status":"publish","type":"product","link":"https:\/\/pltcgroup.com\/vi\/san-pham\/cua-thep-chong-chay-mo-mot-chieu-a2a10\/","title":{"rendered":"C\u1eeda th\u00e9p ch\u1ed1ng ch\u00e1y, m\u1edf m\u1ed9t chi\u1ec1u A2A10"},"content":{"rendered":"<p><b>Xem th\u00eam:<\/b> <b>b\u1ea3ng gi\u00e1 c\u1eeda th\u00e9p ch\u1ed1ng ch\u00e1y m\u1edbi nh\u1ea5t 2025<\/b><\/p>\n<p>C\u1eeda th\u00e9p ch\u1ed1ng ch\u00e1y hai c\u00e1nh LECMAX &#8211; A2A10 \u0111\u01b0\u1ee3c t\u00edch h\u1ee3p kh\u00f3a c\u1eeda ch\u1ed1ng ch\u00e1y Lecmax. S\u1ea3n ph\u1ea9m \u0111\u01b0\u1ee3c s\u1eed d\u1ee5ng r\u1ed9ng r\u00e3i t\u1ea1i c\u00e1c khu v\u1ef1c c\u1ea7n l\u1ed1i \u0111i r\u1ed9ng nh\u01b0 h\u00e0nh lang, l\u1ed1i tho\u00e1t hi\u1ec3m trong c\u00e1c t\u00f2a nh\u00e0 cao t\u1ea7ng, trung t\u00e2m th\u01b0\u01a1ng m\u1ea1i ho\u1eb7c nh\u00e0 m\u00e1y. C\u1eeda \u0111\u01b0\u1ee3c l\u00e0m t\u1eeb th\u00e9p m\u1ea1 k\u1ebdm, b\u00ean trong c\u00f3 l\u1edbp v\u1eadt li\u1ec7u ch\u1ed1ng ch\u00e1y c\u00f3 kh\u1ea3 n\u0103ng ch\u1ed1ng nhi\u1ec7t v\u00e0 l\u1eeda theo ti\u00eau chu\u1ea9n EI. H\u1ec7 th\u1ed1ng t\u1ef1 \u0111\u1ed9ng \u0111\u00f3ng c\u1eeda gi\u00fap c\u1eeda lu\u00f4n \u1edf tr\u1ea1ng th\u00e1i \u0111\u00f3ng khi kh\u00f4ng s\u1eed d\u1ee5ng, ng\u0103n ch\u1eb7n hi\u1ec7u qu\u1ea3 s\u1ef1 lan truy\u1ec1n c\u1ee7a kh\u00f3i v\u00e0 l\u1eeda, \u0111\u1ea3m b\u1ea3o m\u1ee9c \u0111\u1ed9 an to\u00e0n cao nh\u1ea5t cho t\u00f2a nh\u00e0.<\/p>\n<ul>\n<li><b>Ti\u00eau chu\u1ea9n th\u1eed nghi\u1ec7m:<\/b> TCVN 9383:2012, t\u01b0\u01a1ng \u0111\u01b0\u01a1ng v\u1edbi ti\u00eau chu\u1ea9n BS EN 1634-1.<\/li>\n<li><b>Ti\u00eau chu\u1ea9n \u0111\u00e1nh gi\u00e1 m\u1edf r\u1ed9ng:<\/b> BS EN 15269-2.<\/li>\n<\/ul>\n<hr>\n<p>&nbsp;<\/p>\n<h3 style=\"text-align: center;\">B\u1ea3ng th\u00f4ng s\u1ed1 k\u1ef9 thu\u1eadt c\u1eeda th\u00e9p ch\u1ed1ng ch\u00e1y m\u1edf m\u1ed9t chi\u1ec1u LECMAX-A2A10<\/h3>\n<figure id=\"attachment_474\" aria-describedby=\"caption-attachment-474\" style=\"width: 2560px\" class=\"wp-caption alignnone\"><img loading=\"lazy\" decoding=\"async\" class=\"size-full wp-image-474\" src=\"https:\/\/xaydung.imtawebsite.com\/wp-content\/uploads\/2025\/09\/lecmax-a2a10-scaled.jpg\" alt=\"Lecmax A2a10\" width=\"2560\" height=\"683\" title=\"\" srcset=\"https:\/\/pltcgroup.com\/wp-content\/uploads\/2025\/09\/lecmax-a2a10-scaled.jpg 2560w, https:\/\/pltcgroup.com\/wp-content\/uploads\/2025\/09\/lecmax-a2a10-scaled-600x160.jpg 600w, https:\/\/pltcgroup.com\/wp-content\/uploads\/2025\/09\/lecmax-a2a10-300x80.jpg 300w, https:\/\/pltcgroup.com\/wp-content\/uploads\/2025\/09\/lecmax-a2a10-1024x273.jpg 1024w, https:\/\/pltcgroup.com\/wp-content\/uploads\/2025\/09\/lecmax-a2a10-768x205.jpg 768w, https:\/\/pltcgroup.com\/wp-content\/uploads\/2025\/09\/lecmax-a2a10-1536x410.jpg 1536w, https:\/\/pltcgroup.com\/wp-content\/uploads\/2025\/09\/lecmax-a2a10-2048x546.jpg 2048w\" sizes=\"auto, (max-width: 2560px) 100vw, 2560px\" \/><figcaption id=\"caption-attachment-474\" class=\"wp-caption-text\">Lecmax A2a10<\/figcaption><\/figure>\n","protected":false},"excerpt":{"rendered":"<ul>\n<li><b>Lo\u1ea1i:<\/b> C\u1eeda th\u00e9p ch\u1ed1ng ch\u00e1y m\u1edf m\u1ed9t chi\u1ec1u<\/li>\n<li><b>Model:<\/b> LECMAX &#8211; A2A10<\/li>\n<li><b>S\u1ea3n xu\u1ea5t b\u1edfi:<\/b> lecmax Vietnam<\/li>\n<li>Vietnam<\/li>\n<li><b>M\u00e0u s\u1eafc:<\/b> \u0110\u1ecf<\/li>\n<\/ul>\n","protected":false},"featured_media":473,"comment_status":"closed","ping_status":"closed","template":"","meta":{"_acf_changed":false},"product_brand":[],"product_cat":[109],"product_tag":[],"class_list":{"0":"post-1147","1":"product","2":"type-product","3":"status-publish","4":"has-post-thumbnail","6":"product_cat-cua-thep-chong-chay-mo-1-chieu","8":"first","9":"instock","10":"shipping-taxable","11":"product-type-simple"},"acf":[],"_links":{"self":[{"href":"https:\/\/pltcgroup.com\/vi\/wp-json\/wp\/v2\/product\/1147","targetHints":{"allow":["GET"]}}],"collection":[{"href":"https:\/\/pltcgroup.com\/vi\/wp-json\/wp\/v2\/product"}],"about":[{"href":"https:\/\/pltcgroup.com\/vi\/wp-json\/wp\/v2\/types\/product"}],"replies":[{"embeddable":true,"href":"https:\/\/pltcgroup.com\/vi\/wp-json\/wp\/v2\/comments?post=1147"}],"wp:featuredmedia":[{"embeddable":true,"href":"https:\/\/pltcgroup.com\/vi\/wp-json\/wp\/v2\/media\/473"}],"wp:attachment":[{"href":"https:\/\/pltcgroup.com\/vi\/wp-json\/wp\/v2\/media?parent=1147"}],"wp:term":[{"taxonomy":"product_brand","embeddable":true,"href":"https:\/\/pltcgroup.com\/vi\/wp-json\/wp\/v2\/product_brand?post=1147"},{"taxonomy":"product_cat","embeddable":true,"href":"https:\/\/pltcgroup.com\/vi\/wp-json\/wp\/v2\/product_cat?post=1147"},{"taxonomy":"product_tag","embeddable":true,"href":"https:\/\/pltcgroup.com\/vi\/wp-json\/wp\/v2\/product_tag?post=1147"}],"curies":[{"name":"wp","href":"https:\/\/api.w.org\/{rel}","templated":true}]}}