{"id":1152,"date":"2025-09-23T07:56:23","date_gmt":"2025-09-23T07:56:23","guid":{"rendered":"https:\/\/pltcgroup.com\/san-pham\/cua-thep-chong-chay-mo-mot-chieu-a1b10\/"},"modified":"2025-09-23T07:56:23","modified_gmt":"2025-09-23T07:56:23","slug":"cua-thep-chong-chay-mo-mot-chieu-a1b10","status":"publish","type":"product","link":"https:\/\/pltcgroup.com\/vi\/san-pham\/cua-thep-chong-chay-mo-mot-chieu-a1b10\/","title":{"rendered":"C\u1eeda th\u00e9p ch\u1ed1ng ch\u00e1y, m\u1edf m\u1ed9t chi\u1ec1u A1B10"},"content":{"rendered":"<p><b>Xem th\u00eam:<\/b><\/p>\n<ul>\n<li><b>B\u1ea3ng gi\u00e1 c\u1eeda th\u00e9p ch\u1ed1ng ch\u00e1y m\u1edbi nh\u1ea5t 2025<\/b><\/li>\n<\/ul>\n<p>C\u1eeda th\u00e9p ch\u1ed1ng ch\u00e1y m\u1ed9t c\u00e1nh, LECMAX &#8211; A1B10, l\u00e0 lo\u1ea1i c\u1eeda chuy\u00ean d\u1ee5ng \u0111\u01b0\u1ee3c thi\u1ebft k\u1ebf ri\u00eang cho l\u1ed1i tho\u00e1t hi\u1ec3m, cung c\u1ea5p m\u1ee9c \u0111\u1ed9 an to\u00e0n cao nh\u1ea5t cho ng\u01b0\u1eddi s\u1eed d\u1ee5ng. V\u1edbi thanh \u0111\u1ea9y kh\u1ea9n c\u1ea5p, c\u1eeda cho ph\u00e9p ng\u01b0\u1eddi b\u00ean trong tho\u00e1t ra nhanh ch\u00f3ng ch\u1ec9 v\u1edbi m\u1ed9t c\u00fa \u0111\u1ea9y nh\u1eb9 nh\u00e0ng, kh\u00f4ng c\u1ea7n d\u00f9ng nhi\u1ec1u l\u1ef1c. Nh\u1edd thi\u1ebft k\u1ebf n\u00e0y, c\u1eeda th\u00e9p ch\u1ed1ng ch\u00e1y LECMAX &#8211; A1B10 n\u00e2ng cao hi\u1ec7u qu\u1ea3 s\u01a1 t\u00e1n k\u1ecbp th\u1eddi v\u00e0 gi\u1ea3m thi\u1ec3u r\u1ee7i ro trong t\u00ecnh hu\u1ed1ng kh\u1ea9n c\u1ea5p.<\/p>\n<ul>\n<li><b>Ti\u00eau chu\u1ea9n ki\u1ec3m tra:<\/b> TCVN 9383:2012, t\u01b0\u01a1ng \u0111\u01b0\u01a1ng v\u1edbi BS EN 1634-1.<\/li>\n<li><b>Ti\u00eau chu\u1ea9n \u0111\u00e1nh gi\u00e1 m\u1edf r\u1ed9ng:<\/b> BS EN 15269-2.<\/li>\n<\/ul>\n<hr>\n<p>&nbsp;<\/p>\n<h3 style=\"text-align: center;\"><b>B\u1ea3ng th\u00f4ng s\u1ed1 k\u1ef9 thu\u1eadt cho C\u1eeda th\u00e9p ch\u1ed1ng ch\u00e1y m\u1edf m\u1ed9t chi\u1ec1u LECMAX-A1B10<\/b><\/h3>\n<figure id=\"attachment_471\" aria-describedby=\"caption-attachment-471\" style=\"width: 2560px\" class=\"wp-caption alignnone\"><img loading=\"lazy\" decoding=\"async\" class=\"wp-image-471 size-full\" src=\"https:\/\/xaydung.imtawebsite.com\/wp-content\/uploads\/2025\/09\/lecmax-a1b10-scaled.jpg\" alt=\"Lecmax A1b10\" width=\"2560\" height=\"683\" title=\"\" srcset=\"https:\/\/pltcgroup.com\/wp-content\/uploads\/2025\/09\/lecmax-a1b10-scaled.jpg 2560w, https:\/\/pltcgroup.com\/wp-content\/uploads\/2025\/09\/lecmax-a1b10-scaled-600x160.jpg 600w, https:\/\/pltcgroup.com\/wp-content\/uploads\/2025\/09\/lecmax-a1b10-300x80.jpg 300w, https:\/\/pltcgroup.com\/wp-content\/uploads\/2025\/09\/lecmax-a1b10-1024x273.jpg 1024w, https:\/\/pltcgroup.com\/wp-content\/uploads\/2025\/09\/lecmax-a1b10-768x205.jpg 768w, https:\/\/pltcgroup.com\/wp-content\/uploads\/2025\/09\/lecmax-a1b10-1536x410.jpg 1536w, https:\/\/pltcgroup.com\/wp-content\/uploads\/2025\/09\/lecmax-a1b10-2048x546.jpg 2048w\" sizes=\"auto, (max-width: 2560px) 100vw, 2560px\" \/><figcaption id=\"caption-attachment-471\" class=\"wp-caption-text\">Lecmax A1b10<\/figcaption><\/figure>\n<p>&nbsp;<\/p>\n","protected":false},"excerpt":{"rendered":"<ul>\n<li><b>Lo\u1ea1i:<\/b> C\u1eeda th\u00e9p ch\u1ed1ng ch\u00e1y m\u1edf m\u1ed9t chi\u1ec1u<\/li>\n<li><b>M\u1eabu:<\/b> LECMAX &#8211; A1B10<\/li>\n<li><b>S\u1ea3n xu\u1ea5t b\u1edfi:<\/b> lecmax Vietnam<\/li>\n<li>Vietnam<\/li>\n<li><b>M\u00e0u s\u1eafc:<\/b> X\u00e1m<\/li>\n<\/ul>\n","protected":false},"featured_media":470,"comment_status":"closed","ping_status":"closed","template":"","meta":{"_acf_changed":false},"product_brand":[],"product_cat":[109],"product_tag":[],"class_list":{"0":"post-1152","1":"product","2":"type-product","3":"status-publish","4":"has-post-thumbnail","6":"product_cat-cua-thep-chong-chay-mo-1-chieu","8":"first","9":"instock","10":"shipping-taxable","11":"product-type-simple"},"acf":[],"_links":{"self":[{"href":"https:\/\/pltcgroup.com\/vi\/wp-json\/wp\/v2\/product\/1152","targetHints":{"allow":["GET"]}}],"collection":[{"href":"https:\/\/pltcgroup.com\/vi\/wp-json\/wp\/v2\/product"}],"about":[{"href":"https:\/\/pltcgroup.com\/vi\/wp-json\/wp\/v2\/types\/product"}],"replies":[{"embeddable":true,"href":"https:\/\/pltcgroup.com\/vi\/wp-json\/wp\/v2\/comments?post=1152"}],"wp:featuredmedia":[{"embeddable":true,"href":"https:\/\/pltcgroup.com\/vi\/wp-json\/wp\/v2\/media\/470"}],"wp:attachment":[{"href":"https:\/\/pltcgroup.com\/vi\/wp-json\/wp\/v2\/media?parent=1152"}],"wp:term":[{"taxonomy":"product_brand","embeddable":true,"href":"https:\/\/pltcgroup.com\/vi\/wp-json\/wp\/v2\/product_brand?post=1152"},{"taxonomy":"product_cat","embeddable":true,"href":"https:\/\/pltcgroup.com\/vi\/wp-json\/wp\/v2\/product_cat?post=1152"},{"taxonomy":"product_tag","embeddable":true,"href":"https:\/\/pltcgroup.com\/vi\/wp-json\/wp\/v2\/product_tag?post=1152"}],"curies":[{"name":"wp","href":"https:\/\/api.w.org\/{rel}","templated":true}]}}