{"id":1156,"date":"2025-09-23T04:17:54","date_gmt":"2025-09-23T04:17:54","guid":{"rendered":"https:\/\/pltcgroup.com\/san-pham\/fire-resistant-steel-door-one-way-opening-a1a10\/"},"modified":"2025-09-23T04:17:54","modified_gmt":"2025-09-23T04:17:54","slug":"fire-resistant-steel-door-one-way-opening-a1a10","status":"publish","type":"product","link":"https:\/\/pltcgroup.com\/vi\/san-pham\/fire-resistant-steel-door-one-way-opening-a1a10\/","title":{"rendered":"Fire-resistant steel door, one-way opening A1A10"},"content":{"rendered":"<div class=\"content-des-detail load-text\">\n<p><b>See more<\/b> <b>Latest Fireproof Steel Door Price List 2025<\/b><\/p>\n<p>The one-panel fireproof steel door, model LECMAX &#8211; A1A10, is integrated with a sturdy Lecmax lock handle, making it suitable for installation at key entrances, such as function rooms, technical rooms, or the main door of an apartment. The door is made of galvanized steel, and the interior features a layer of fireproof material that can resist heat and fire according to the EI standard. A special feature is the door closer, which ensures the door always closes automatically when not in use, effectively preventing the spread of smoke and fire to other areas.<\/p>\n<ul>\n<li><b>Ti\u00eau chu\u1ea9n th\u1eed nghi\u1ec7m:<\/b> TCVN 9383:2012, t\u01b0\u01a1ng \u0111\u01b0\u01a1ng v\u1edbi ti\u00eau chu\u1ea9n BS EN 1634-1.<\/li>\n<li><b>Ti\u00eau chu\u1ea9n \u0111\u00e1nh gi\u00e1 m\u1edf r\u1ed9ng:<\/b> BS EN 15269-2.<\/li>\n<\/ul>\n<p>&nbsp;<\/p>\n<h3 style=\"text-align: center;\">Technical Specifications Table for One-Way Opening Fireproof Steel Door LM-A1A10<\/h3>\n<p><img decoding=\"async\" src=\"https:\/\/www.lecmax.com\/pictures\/catalog\/thongso\/lecmax-a1a10.jpg\" alt=\"Th\u00f4ng s\u1ed1 k\u1ef9 thu\u1eadt c\u1eeda th\u00e9p ch\u1ed1ng ch\u00e1y m\u1edf 1 chi\u1ec1u lm-a1a10\" title=\"\"><\/p>\n<\/div>\n","protected":false},"excerpt":{"rendered":"<p>\u1794\u17d2\u179a\u1797\u17c1\u1791\u17d6 \u1791\u17d2\u179c\u17b6\u179a\u178a\u17c2\u1780\u1792\u1793\u17cb\u1793\u17b9\u1784\u1797\u17d2\u179b\u17be\u1784 \u1794\u17be\u1780\u1794\u17b6\u1793\u1798\u17bd\u1799\u1791\u17b7\u179f<\/p>\n<p>\u1798\u17c9\u17bc\u178a\u17c2\u179b\u17d6 LECMAX &#8211; A1A10<\/p>\n<p>\u1795\u179b\u17b7\u178f\u178a\u17c4\u1799\u17d6 Lecmax \u179c\u17c0\u178f\u178e\u17b6\u1798<\/p>\n<p>\u1794\u17d2\u179a\u1797\u1796\u17d6 \u179c\u17c0\u178f\u178e\u17b6\u1798<\/p>\n<p>\u1796\u178e\u17cc\u17d6 \u1780\u17d2\u179a\u17a0\u1798<\/p>\n","protected":false},"featured_media":451,"comment_status":"closed","ping_status":"closed","template":"","meta":{"_acf_changed":false},"product_brand":[],"product_cat":[109],"product_tag":[],"class_list":{"0":"post-1156","1":"product","2":"type-product","3":"status-publish","4":"has-post-thumbnail","6":"product_cat-cua-thep-chong-chay-mo-1-chieu","8":"first","9":"instock","10":"shipping-taxable","11":"product-type-simple"},"acf":[],"_links":{"self":[{"href":"https:\/\/pltcgroup.com\/vi\/wp-json\/wp\/v2\/product\/1156","targetHints":{"allow":["GET"]}}],"collection":[{"href":"https:\/\/pltcgroup.com\/vi\/wp-json\/wp\/v2\/product"}],"about":[{"href":"https:\/\/pltcgroup.com\/vi\/wp-json\/wp\/v2\/types\/product"}],"replies":[{"embeddable":true,"href":"https:\/\/pltcgroup.com\/vi\/wp-json\/wp\/v2\/comments?post=1156"}],"wp:featuredmedia":[{"embeddable":true,"href":"https:\/\/pltcgroup.com\/vi\/wp-json\/wp\/v2\/media\/451"}],"wp:attachment":[{"href":"https:\/\/pltcgroup.com\/vi\/wp-json\/wp\/v2\/media?parent=1156"}],"wp:term":[{"taxonomy":"product_brand","embeddable":true,"href":"https:\/\/pltcgroup.com\/vi\/wp-json\/wp\/v2\/product_brand?post=1156"},{"taxonomy":"product_cat","embeddable":true,"href":"https:\/\/pltcgroup.com\/vi\/wp-json\/wp\/v2\/product_cat?post=1156"},{"taxonomy":"product_tag","embeddable":true,"href":"https:\/\/pltcgroup.com\/vi\/wp-json\/wp\/v2\/product_tag?post=1156"}],"curies":[{"name":"wp","href":"https:\/\/api.w.org\/{rel}","templated":true}]}}